{"id":4004,"date":"2024-02-28T12:14:07","date_gmt":"2024-02-28T12:14:07","guid":{"rendered":"https:\/\/gemengen.zesummeliewen.lu\/application-form\/"},"modified":"2026-03-11T09:46:02","modified_gmt":"2026-03-11T09:46:02","slug":"application-form","status":"publish","type":"page","link":"https:\/\/gemengen.zesummeliewen.lu\/en\/application-form\/","title":{"rendered":"Application form"},"content":{"rendered":"[vc_row type=&#8221;full_width_background&#8221; full_screen_row_position=&#8221;middle&#8221; column_margin=&#8221;default&#8221; column_direction=&#8221;default&#8221; column_direction_tablet=&#8221;default&#8221; column_direction_phone=&#8221;default&#8221; bg_color=&#8221;#f2f2f2&#8243; scene_position=&#8221;center&#8221; top_padding=&#8221;3%&#8221; bottom_padding=&#8221;2%&#8221; text_color=&#8221;dark&#8221; text_align=&#8221;left&#8221; row_border_radius=&#8221;none&#8221; row_border_radius_applies=&#8221;bg&#8221; overflow=&#8221;visible&#8221; overlay_strength=&#8221;0.3&#8243; gradient_direction=&#8221;left_to_right&#8221; shape_divider_position=&#8221;bottom&#8221; bg_image_animation=&#8221;none&#8221; gradient_type=&#8221;default&#8221; shape_type=&#8221;&#8221;][vc_column column_padding=&#8221;no-extra-padding&#8221; column_padding_tablet=&#8221;inherit&#8221; column_padding_phone=&#8221;inherit&#8221; column_padding_position=&#8221;all&#8221; column_element_direction_desktop=&#8221;default&#8221; column_element_spacing=&#8221;default&#8221; desktop_text_alignment=&#8221;default&#8221; tablet_text_alignment=&#8221;default&#8221; phone_text_alignment=&#8221;default&#8221; background_color_opacity=&#8221;1&#8243; background_hover_color_opacity=&#8221;1&#8243; column_backdrop_filter=&#8221;none&#8221; column_shadow=&#8221;none&#8221; column_border_radius=&#8221;none&#8221; column_link_target=&#8221;_self&#8221; column_position=&#8221;default&#8221; gradient_direction=&#8221;left_to_right&#8221; overlay_strength=&#8221;0.3&#8243; width=&#8221;1\/1&#8243; tablet_width_inherit=&#8221;default&#8221; animation_type=&#8221;default&#8221; bg_image_animation=&#8221;none&#8221; border_type=&#8221;simple&#8221; column_border_width=&#8221;none&#8221; column_border_style=&#8221;solid&#8221;][vc_column_text]\n<h2><strong>Application for joining to the Gemengepakt vum interkulturellen Zesummeliewen<\/strong><\/h2>\n<p>&nbsp;<\/p>\n<p>Congratulations to your municipality or group of municipalities on your decision to join the Gemengepakt vum interkulturellen Zesummeliewen!<\/p>\n<p>The Gemengepakt is signed between the Minister and a municipality or a group of municipalities and contributes to the implementation of intercultural living together at the municipal level. The Gemengepakt is valid for six years and can be renewed.<\/p>\n<p>The Gemengepakt:<\/p>\n<ul>\n<li>contributes to the implementation of the National Action Plan for intercultural living together;<\/li>\n<li>is based on a participatory process aimed at identifying and defining the objectives and actions to be implemented at the municipal level;<\/li>\n<li>encourages residents of the municipality and cross-border workers whose workplace is located in the municipality to join the citizen pact and to participate in the modules offered as part of the programme;<\/li>\n<li>defines a step-by-step process and sets an implementation timetable;<\/li>\n<li>establishes measurable indicators to evaluate its implementation.<\/li>\n<\/ul>\n<p><strong>For further information, please contact the Living Together Division of the Ministry of <\/strong>Family Affairs, Solidarity, Living Together and Reception of Refugees.<\/p>\n<p>Anna KIRSCH<br \/>\nT\u00e9l.: 247-65772<\/p>\n<p>Email: <a href=\"&#x6d;&#x61;&#105;&#108;to&#x3a;&#x67;&#x65;&#109;en&#x67;&#x65;&#x6e;&#46;&#122;e&#x73;&#x75;&#x6d;&#109;&#101;l&#x69;&#x65;&#x77;&#101;&#110;&#64;f&#x6d;&#x2e;&#x65;&#116;at&#x2e;&#x6c;&#x75;\">&#x67;&#x65;&#x6d;&#x65;&#x6e;&#x67;&#x65;&#x6e;&#x2e;&#x7a;&#x65;&#x73;&#x75;&#x6d;&#x6d;&#x65;&#x6c;&#x69;&#x65;&#x77;&#x65;&#x6e;&#64;&#102;&#109;&#46;&#101;&#116;&#97;&#116;&#46;&#108;&#117;<\/a><\/p>\n[\/vc_column_text][\/vc_column][vc_column column_padding=&#8221;no-extra-padding&#8221; column_padding_tablet=&#8221;inherit&#8221; column_padding_phone=&#8221;inherit&#8221; column_padding_position=&#8221;all&#8221; column_element_direction_desktop=&#8221;default&#8221; column_element_spacing=&#8221;default&#8221; desktop_text_alignment=&#8221;default&#8221; tablet_text_alignment=&#8221;default&#8221; phone_text_alignment=&#8221;default&#8221; background_color_opacity=&#8221;1&#8243; background_hover_color_opacity=&#8221;1&#8243; column_backdrop_filter=&#8221;none&#8221; column_shadow=&#8221;none&#8221; column_border_radius=&#8221;10px&#8221; column_link_target=&#8221;_self&#8221; column_position=&#8221;default&#8221; gradient_direction=&#8221;left_to_right&#8221; overlay_strength=&#8221;0.3&#8243; width=&#8221;2\/5&#8243; tablet_width_inherit=&#8221;default&#8221; animation_type=&#8221;default&#8221; bg_image_animation=&#8221;none&#8221; border_type=&#8221;simple&#8221; column_border_width=&#8221;none&#8221; column_border_style=&#8221;solid&#8221; column_padding_type=&#8221;default&#8221; gradient_type=&#8221;default&#8221;][image_with_animation image_url=&#8221;4062&#8243; image_size=&#8221;medium&#8221; animation_type=&#8221;entrance&#8221; animation=&#8221;None&#8221; animation_movement_type=&#8221;transform_y&#8221; hover_animation=&#8221;none&#8221; alignment=&#8221;&#8221; border_radius=&#8221;none&#8221; box_shadow=&#8221;none&#8221; image_loading=&#8221;default&#8221; max_width=&#8221;custom&#8221; max_width_custom=&#8221;280&#8243;][vc_row_inner column_margin=&#8221;default&#8221; column_direction=&#8221;default&#8221; column_direction_tablet=&#8221;default&#8221; column_direction_phone=&#8221;default&#8221; top_padding=&#8221;1%&#8221; text_align=&#8221;left&#8221; row_position=&#8221;default&#8221; row_position_tablet=&#8221;inherit&#8221; row_position_phone=&#8221;inherit&#8221; overflow=&#8221;visible&#8221; pointer_events=&#8221;all&#8221;][vc_column_inner column_padding=&#8221;padding-3-percent&#8221; column_padding_tablet=&#8221;inherit&#8221; column_padding_phone=&#8221;inherit&#8221; column_padding_position=&#8221;all&#8221; column_element_direction_desktop=&#8221;default&#8221; column_element_spacing=&#8221;default&#8221; desktop_text_alignment=&#8221;default&#8221; tablet_text_alignment=&#8221;default&#8221; phone_text_alignment=&#8221;default&#8221; background_color=&#8221;#ffffff&#8221; background_color_opacity=&#8221;1&#8243; background_hover_color_opacity=&#8221;1&#8243; column_backdrop_filter=&#8221;none&#8221; column_shadow=&#8221;none&#8221; column_border_radius=&#8221;5px&#8221; column_link_target=&#8221;_self&#8221; overflow=&#8221;visible&#8221; gradient_direction=&#8221;left_to_right&#8221; overlay_strength=&#8221;0.3&#8243; width=&#8221;1\/1&#8243; tablet_width_inherit=&#8221;default&#8221; animation_type=&#8221;default&#8221; bg_image_animation=&#8221;none&#8221; border_type=&#8221;simple&#8221; column_border_width=&#8221;none&#8221; column_border_style=&#8221;solid&#8221; column_padding_type=&#8221;default&#8221; gradient_type=&#8221;default&#8221;][vc_column_text css=&#8221;&#8221; text_direction=&#8221;default&#8221;]<strong>The upcoming Gemengepakt signing ceremonies will take place on*:* :<\/strong><\/p>\n<ul>\n<li>Monday, 9 February 2026, 4:00\u20135:30 p.m.<\/li>\n<li>Monday, 18 May 2026, 4:00\u20135:30 p.m.<\/li>\n<li>Monday, 6 July 2026, 4:00\u20135:30 p.m.<\/li>\n<li>Monday, 12 October 2026, 4:00\u20135:30 p.m.<\/li>\n<li>Wednesday, 9 December 2026, 4:00\u20135:30 p.m.<\/li>\n<\/ul>\n<p><strong>Applications for membership must be submitted and complete no later than four weeks before the date of the intended signing ceremony.<\/strong><\/p>\n<p>* Tentative dates, subject to change[\/vc_column_text][\/vc_column_inner][\/vc_row_inner][vc_row_inner disable_element=&#8221;yes&#8221; column_margin=&#8221;default&#8221; column_direction=&#8221;default&#8221; column_direction_tablet=&#8221;default&#8221; column_direction_phone=&#8221;default&#8221; top_padding=&#8221;3%&#8221; text_align=&#8221;left&#8221; row_position=&#8221;default&#8221; row_position_tablet=&#8221;inherit&#8221; row_position_phone=&#8221;inherit&#8221; overflow=&#8221;visible&#8221; pointer_events=&#8221;all&#8221;][vc_column_inner column_padding=&#8221;padding-5-percent&#8221; column_padding_tablet=&#8221;inherit&#8221; column_padding_phone=&#8221;inherit&#8221; column_padding_position=&#8221;all&#8221; column_element_direction_desktop=&#8221;default&#8221; column_element_spacing=&#8221;default&#8221; desktop_text_alignment=&#8221;default&#8221; tablet_text_alignment=&#8221;default&#8221; phone_text_alignment=&#8221;default&#8221; background_color=&#8221;#ddeef8&#8243; background_color_opacity=&#8221;1&#8243; background_hover_color_opacity=&#8221;1&#8243; column_backdrop_filter=&#8221;none&#8221; column_shadow=&#8221;none&#8221; column_border_radius=&#8221;10px&#8221; column_link_target=&#8221;_self&#8221; overflow=&#8221;visible&#8221; gradient_direction=&#8221;left_to_right&#8221; overlay_strength=&#8221;0.3&#8243; width=&#8221;1\/1&#8243; tablet_width_inherit=&#8221;default&#8221; animation_type=&#8221;default&#8221; bg_image_animation=&#8221;none&#8221; border_type=&#8221;simple&#8221; column_border_width=&#8221;none&#8221; column_border_style=&#8221;solid&#8221; column_padding_type=&#8221;default&#8221; gradient_type=&#8221;default&#8221;][vc_column_text css=&#8221;&#8221; text_direction=&#8221;default&#8221;]\n<h3>Bo\u00eete \u00e0 outils CCVEI<\/h3>\n<p><a href=\"https:\/\/gemengen.zesummeliewen.lu\/wp-content\/uploads\/2024\/05\/Conseils-de-communication_CCVEI.pdf\">Conseils de communication pour commissions du vivre-ensemble interculturel<\/a><\/p>\n<p><a href=\"https:\/\/gemengen.zesummeliewen.lu\/wp-content\/uploads\/2024\/05\/11508_MFIGR_CharteGraphique_CCVEI_WEB.pdf\">Charte graphique pour commissions du vivre-ensemble interculturel<\/a><\/p>\n<div class=\"wpb_text_column wpb_content_element \">\n<div class=\"wpb_wrapper\">\n<p>Si vous souhaitez recevoir le logo de la CCVEI (diff\u00e9rents formats disponibles), merci de contacter la Division du vivre-ensemble interculturel:\u00a0<a style=\"word-wrap: break-word;\" href=\"&#x6d;&#97;i&#x6c;&#x74;&#111;:&#x67;&#x65;&#109;e&#x6e;&#x67;&#101;n&#x2e;&#x7a;&#101;s&#x75;&#109;&#109;e&#x6c;&#105;e&#x77;&#x65;&#110;&#64;&#x66;&#x6d;&#46;e&#x74;&#x61;&#116;&#46;&#x6c;&#x75;\">&#x67;&#101;m&#x65;&#x6e;&#103;e&#x6e;&#x2e;&#122;e&#x73;&#117;m&#x6d;&#x65;&#108;i&#x65;&#x77;&#101;n&#x40;&#102;&#109;&#x2e;&#x65;&#116;a&#x74;&#x2e;&#108;u<\/a><\/p>\n<\/div>\n<p>&nbsp;<\/p>\n<\/div>\n[\/vc_column_text][\/vc_column_inner][\/vc_row_inner][\/vc_column][\/vc_row][vc_row type=&#8221;full_width_background&#8221; full_screen_row_position=&#8221;middle&#8221; column_margin=&#8221;default&#8221; column_direction=&#8221;default&#8221; column_direction_tablet=&#8221;default&#8221; column_direction_phone=&#8221;default&#8221; bg_color=&#8221;#f2f2f2&#8243; scene_position=&#8221;center&#8221; top_padding=&#8221;2%&#8221; bottom_padding=&#8221;10%&#8221; text_color=&#8221;dark&#8221; text_align=&#8221;left&#8221; row_border_radius=&#8221;none&#8221; row_border_radius_applies=&#8221;bg&#8221; overflow=&#8221;visible&#8221; overlay_strength=&#8221;0.3&#8243; gradient_direction=&#8221;left_to_right&#8221; shape_divider_position=&#8221;bottom&#8221; bg_image_animation=&#8221;none&#8221; gradient_type=&#8221;default&#8221; shape_type=&#8221;&#8221;][vc_column column_padding=&#8221;no-extra-padding&#8221; column_padding_tablet=&#8221;inherit&#8221; column_padding_phone=&#8221;inherit&#8221; column_padding_position=&#8221;all&#8221; column_element_direction_desktop=&#8221;default&#8221; column_element_spacing=&#8221;default&#8221; desktop_text_alignment=&#8221;default&#8221; tablet_text_alignment=&#8221;default&#8221; phone_text_alignment=&#8221;default&#8221; background_color_opacity=&#8221;1&#8243; background_hover_color_opacity=&#8221;1&#8243; column_backdrop_filter=&#8221;none&#8221; column_shadow=&#8221;none&#8221; column_border_radius=&#8221;10px&#8221; column_link_target=&#8221;_self&#8221; column_position=&#8221;default&#8221; gradient_direction=&#8221;left_to_right&#8221; overlay_strength=&#8221;0.3&#8243; width=&#8221;1\/1&#8243; tablet_width_inherit=&#8221;default&#8221; animation_type=&#8221;default&#8221; bg_image_animation=&#8221;none&#8221; border_type=&#8221;simple&#8221; column_border_width=&#8221;none&#8221; column_border_style=&#8221;solid&#8221; column_padding_type=&#8221;default&#8221; gradient_type=&#8221;default&#8221;][vc_row_inner column_margin=&#8221;default&#8221; column_direction=&#8221;default&#8221; column_direction_tablet=&#8221;default&#8221; column_direction_phone=&#8221;default&#8221; text_align=&#8221;left&#8221; row_position=&#8221;default&#8221; row_position_tablet=&#8221;inherit&#8221; row_position_phone=&#8221;inherit&#8221; overflow=&#8221;visible&#8221; pointer_events=&#8221;all&#8221;][vc_column_inner column_padding=&#8221;padding-2-percent&#8221; column_padding_tablet=&#8221;inherit&#8221; column_padding_phone=&#8221;inherit&#8221; column_padding_position=&#8221;all&#8221; column_element_direction_desktop=&#8221;default&#8221; column_element_spacing=&#8221;default&#8221; desktop_text_alignment=&#8221;default&#8221; tablet_text_alignment=&#8221;default&#8221; phone_text_alignment=&#8221;default&#8221; background_color=&#8221;#ffffff&#8221; background_color_opacity=&#8221;1&#8243; background_hover_color_opacity=&#8221;1&#8243; column_backdrop_filter=&#8221;none&#8221; column_shadow=&#8221;none&#8221; column_border_radius=&#8221;5px&#8221; column_link_target=&#8221;_self&#8221; overflow=&#8221;visible&#8221; gradient_direction=&#8221;left_to_right&#8221; overlay_strength=&#8221;0.3&#8243; width=&#8221;1\/1&#8243; tablet_width_inherit=&#8221;default&#8221; animation_type=&#8221;default&#8221; bg_image_animation=&#8221;none&#8221; border_type=&#8221;simple&#8221; column_border_width=&#8221;none&#8221; column_border_style=&#8221;solid&#8221; column_padding_type=&#8221;default&#8221; gradient_type=&#8221;default&#8221;][vc_column_text]<strong>Pour faire votre demande d\u2019adh\u00e9sion au Gemengepakt, veuillez compl\u00e9t\u00e9r le formulaire ci-dessous:<\/strong>[\/vc_column_text][\/vc_column_inner][\/vc_row_inner]\r\n    <script>\r\n        let apiUrl = 'https:\/\/dashboard.zesummeliewen.lu';\r\n        let lang = 'en';\r\n    <\/script>\r\n\t    <div id=\"mfi-request-form\"><\/div>\r\n\r\n    <div class=\"popup\" style=\"display: none;\">\r\n        <div class=\"backdrop\"><\/div>\r\n        <div class=\"content\">\r\n            <div>\r\n\t\t\t\tCe formulaire n'est pas disponible sur les petits \u00e9crans. Veuillez passer \u00e0 un \u00e9cran plus grand (ordinateur ou laptop) pour y acc\u00e9der.            <\/div>\r\n            <div style=\"text-align: center;\">\r\n\t            [nectar_btn size=\"regular\" open_new_tab=\"true\" \r\n\t\t\t\t\t\tbutton_style=\"regular\" button_color_2=\"Accent-Color\" solid_text_color_override=\"#054055\" \r\n\t\t\t\t\t\ticon_family=\"none\" text=\"Close\" url=\"#\"]            <\/div>\r\n        <\/div>\r\n    <\/div>\r\n\r\n    <script>\r\n        jQuery(document).ready(function () {\r\n\r\n            const viewportWidth = window.innerWidth || document.documentElement.clientWidth;\r\n\r\n            if (viewportWidth <= 1279) {\r\n                openPracticePopup();\r\n            }\r\n\r\n            function openPracticePopup() {\r\n                jQuery('.popup').show();\r\n                jQuery('.nectar-global-section.before-footer,#header-outer').toggleClass('behind-overlay');\r\n            }\r\n\r\n            \/\/Handle Popup Close\r\n            jQuery('.popup .close-popup, .popup a.nectar-button').on('click', function (e) {\r\n                e.preventDefault();\r\n                jQuery(this).parents('.popup').hide();\r\n                jQuery('.nectar-global-section.before-footer,#header-outer').toggleClass('behind-overlay');\r\n            });\r\n\r\n            jQuery('.popup .backdrop').on('click', function (e) {\r\n                e.preventDefault();\r\n                jQuery(this).parents('.popup').hide();\r\n                jQuery('.nectar-global-section.before-footer,#header-outer').toggleClass('behind-overlay');\r\n            });\r\n        });\r\n    <\/script>\r\n\t[\/vc_column][\/vc_row]\n","protected":false},"excerpt":{"rendered":"<p>[vc_row type=&#8221;full_width_background&#8221; full_screen_row_position=&#8221;middle&#8221; column_margin=&#8221;default&#8221; column_direction=&#8221;default&#8221; column_direction_tablet=&#8221;default&#8221; column_direction_phone=&#8221;default&#8221; bg_color=&#8221;#f2f2f2&#8243; scene_position=&#8221;center&#8221; top_padding=&#8221;3%&#8221; bottom_padding=&#8221;2%&#8221; text_color=&#8221;dark&#8221; text_align=&#8221;left&#8221; row_border_radius=&#8221;none&#8221; row_border_radius_applies=&#8221;bg&#8221; overflow=&#8221;visible&#8221; overlay_strength=&#8221;0.3&#8243; gradient_direction=&#8221;left_to_right&#8221; shape_divider_position=&#8221;bottom&#8221; bg_image_animation=&#8221;none&#8221; gradient_type=&#8221;default&#8221; shape_type=&#8221;&#8221;][vc_column column_padding=&#8221;no-extra-padding&#8221; column_padding_tablet=&#8221;inherit&#8221; column_padding_phone=&#8221;inherit&#8221; column_padding_position=&#8221;all&#8221; column_element_direction_desktop=&#8221;default&#8221; column_element_spacing=&#8221;default&#8221; desktop_text_alignment=&#8221;default&#8221; tablet_text_alignment=&#8221;default&#8221;&#8230;<\/p>\n","protected":false},"author":1,"featured_media":0,"parent":0,"menu_order":0,"comment_status":"closed","ping_status":"closed","template":"","meta":{"_acf_changed":false,"inline_featured_image":false,"footnotes":""},"class_list":["post-4004","page","type-page","status-publish"],"acf":[],"yoast_head":"<!-- This site is optimized with the Yoast SEO plugin v26.8 - https:\/\/yoast.com\/product\/yoast-seo-wordpress\/ -->\n<title>Application form - Zesummeliewen<\/title>\n<meta name=\"description\" content=\"Applications to join the \u201cGemengepakt\u201d may be submitted by a municipality or a group of municipalities.\" \/>\n<meta name=\"robots\" content=\"index, follow, max-snippet:-1, max-image-preview:large, max-video-preview:-1\" \/>\n<link rel=\"canonical\" href=\"https:\/\/gemengen.zesummeliewen.lu\/en\/application-form\/\" \/>\n<meta property=\"og:locale\" content=\"en_US\" \/>\n<meta property=\"og:type\" content=\"article\" \/>\n<meta property=\"og:title\" content=\"Application form - Zesummeliewen\" \/>\n<meta property=\"og:description\" content=\"Applications to join the \u201cGemengepakt\u201d may be submitted by a municipality or a group of municipalities.\" \/>\n<meta property=\"og:url\" content=\"https:\/\/gemengen.zesummeliewen.lu\/en\/application-form\/\" \/>\n<meta property=\"og:site_name\" content=\"Zesummeliewen\" \/>\n<meta property=\"article:modified_time\" content=\"2026-03-11T09:46:02+00:00\" \/>\n<meta name=\"twitter:card\" content=\"summary_large_image\" \/>\n<meta name=\"twitter:label1\" content=\"Est. reading time\" \/>\n\t<meta name=\"twitter:data1\" content=\"2 minutes\" \/>\n<script type=\"application\/ld+json\" class=\"yoast-schema-graph\">{\"@context\":\"https:\/\/schema.org\",\"@graph\":[{\"@type\":\"WebPage\",\"@id\":\"https:\/\/gemengen.zesummeliewen.lu\/en\/application-form\/\",\"url\":\"https:\/\/gemengen.zesummeliewen.lu\/en\/application-form\/\",\"name\":\"Application form - Zesummeliewen\",\"isPartOf\":{\"@id\":\"https:\/\/gemengen.zesummeliewen.lu\/#website\"},\"datePublished\":\"2024-02-28T12:14:07+00:00\",\"dateModified\":\"2026-03-11T09:46:02+00:00\",\"description\":\"Applications to join the \u201cGemengepakt\u201d may be submitted by a municipality or a group of municipalities.\",\"breadcrumb\":{\"@id\":\"https:\/\/gemengen.zesummeliewen.lu\/en\/application-form\/#breadcrumb\"},\"inLanguage\":\"en-US\",\"potentialAction\":[{\"@type\":\"ReadAction\",\"target\":[\"https:\/\/gemengen.zesummeliewen.lu\/en\/application-form\/\"]}]},{\"@type\":\"BreadcrumbList\",\"@id\":\"https:\/\/gemengen.zesummeliewen.lu\/en\/application-form\/#breadcrumb\",\"itemListElement\":[{\"@type\":\"ListItem\",\"position\":1,\"name\":\"Startseite\",\"item\":\"https:\/\/gemengen.zesummeliewen.lu\/en\/\"},{\"@type\":\"ListItem\",\"position\":2,\"name\":\"Application form\"}]},{\"@type\":\"WebSite\",\"@id\":\"https:\/\/gemengen.zesummeliewen.lu\/#website\",\"url\":\"https:\/\/gemengen.zesummeliewen.lu\/\",\"name\":\"Zesummeliewen\",\"description\":\"Zesummeliewen an \u00e4rer Gemeng\",\"publisher\":{\"@id\":\"https:\/\/gemengen.zesummeliewen.lu\/#organization\"},\"potentialAction\":[{\"@type\":\"SearchAction\",\"target\":{\"@type\":\"EntryPoint\",\"urlTemplate\":\"https:\/\/gemengen.zesummeliewen.lu\/?s={search_term_string}\"},\"query-input\":{\"@type\":\"PropertyValueSpecification\",\"valueRequired\":true,\"valueName\":\"search_term_string\"}}],\"inLanguage\":\"en-US\"},{\"@type\":\"Organization\",\"@id\":\"https:\/\/gemengen.zesummeliewen.lu\/#organization\",\"name\":\"Zesummeliewen\",\"alternateName\":\"Zesummeliewen\",\"url\":\"https:\/\/gemengen.zesummeliewen.lu\/\",\"logo\":{\"@type\":\"ImageObject\",\"inLanguage\":\"en-US\",\"@id\":\"https:\/\/gemengen.zesummeliewen.lu\/#\/schema\/logo\/image\/\",\"url\":\"https:\/\/gemengen.zesummeliewen.lu\/wp-content\/uploads\/2023\/02\/MFI__zesumme_liewen_gemeng_logo-1.png\",\"contentUrl\":\"https:\/\/gemengen.zesummeliewen.lu\/wp-content\/uploads\/2023\/02\/MFI__zesumme_liewen_gemeng_logo-1.png\",\"width\":1718,\"height\":613,\"caption\":\"Zesummeliewen\"},\"image\":{\"@id\":\"https:\/\/gemengen.zesummeliewen.lu\/#\/schema\/logo\/image\/\"}}]}<\/script>\n<!-- \/ Yoast SEO plugin. -->","yoast_head_json":{"title":"Application form - Zesummeliewen","description":"Applications to join the \u201cGemengepakt\u201d may be submitted by a municipality or a group of municipalities.","robots":{"index":"index","follow":"follow","max-snippet":"max-snippet:-1","max-image-preview":"max-image-preview:large","max-video-preview":"max-video-preview:-1"},"canonical":"https:\/\/gemengen.zesummeliewen.lu\/en\/application-form\/","og_locale":"en_US","og_type":"article","og_title":"Application form - Zesummeliewen","og_description":"Applications to join the \u201cGemengepakt\u201d may be submitted by a municipality or a group of municipalities.","og_url":"https:\/\/gemengen.zesummeliewen.lu\/en\/application-form\/","og_site_name":"Zesummeliewen","article_modified_time":"2026-03-11T09:46:02+00:00","twitter_card":"summary_large_image","twitter_misc":{"Est. reading time":"2 minutes"},"schema":{"@context":"https:\/\/schema.org","@graph":[{"@type":"WebPage","@id":"https:\/\/gemengen.zesummeliewen.lu\/en\/application-form\/","url":"https:\/\/gemengen.zesummeliewen.lu\/en\/application-form\/","name":"Application form - Zesummeliewen","isPartOf":{"@id":"https:\/\/gemengen.zesummeliewen.lu\/#website"},"datePublished":"2024-02-28T12:14:07+00:00","dateModified":"2026-03-11T09:46:02+00:00","description":"Applications to join the \u201cGemengepakt\u201d may be submitted by a municipality or a group of municipalities.","breadcrumb":{"@id":"https:\/\/gemengen.zesummeliewen.lu\/en\/application-form\/#breadcrumb"},"inLanguage":"en-US","potentialAction":[{"@type":"ReadAction","target":["https:\/\/gemengen.zesummeliewen.lu\/en\/application-form\/"]}]},{"@type":"BreadcrumbList","@id":"https:\/\/gemengen.zesummeliewen.lu\/en\/application-form\/#breadcrumb","itemListElement":[{"@type":"ListItem","position":1,"name":"Startseite","item":"https:\/\/gemengen.zesummeliewen.lu\/en\/"},{"@type":"ListItem","position":2,"name":"Application form"}]},{"@type":"WebSite","@id":"https:\/\/gemengen.zesummeliewen.lu\/#website","url":"https:\/\/gemengen.zesummeliewen.lu\/","name":"Zesummeliewen","description":"Zesummeliewen an \u00e4rer Gemeng","publisher":{"@id":"https:\/\/gemengen.zesummeliewen.lu\/#organization"},"potentialAction":[{"@type":"SearchAction","target":{"@type":"EntryPoint","urlTemplate":"https:\/\/gemengen.zesummeliewen.lu\/?s={search_term_string}"},"query-input":{"@type":"PropertyValueSpecification","valueRequired":true,"valueName":"search_term_string"}}],"inLanguage":"en-US"},{"@type":"Organization","@id":"https:\/\/gemengen.zesummeliewen.lu\/#organization","name":"Zesummeliewen","alternateName":"Zesummeliewen","url":"https:\/\/gemengen.zesummeliewen.lu\/","logo":{"@type":"ImageObject","inLanguage":"en-US","@id":"https:\/\/gemengen.zesummeliewen.lu\/#\/schema\/logo\/image\/","url":"https:\/\/gemengen.zesummeliewen.lu\/wp-content\/uploads\/2023\/02\/MFI__zesumme_liewen_gemeng_logo-1.png","contentUrl":"https:\/\/gemengen.zesummeliewen.lu\/wp-content\/uploads\/2023\/02\/MFI__zesumme_liewen_gemeng_logo-1.png","width":1718,"height":613,"caption":"Zesummeliewen"},"image":{"@id":"https:\/\/gemengen.zesummeliewen.lu\/#\/schema\/logo\/image\/"}}]}},"_links":{"self":[{"href":"https:\/\/gemengen.zesummeliewen.lu\/en\/wp-json\/wp\/v2\/pages\/4004","targetHints":{"allow":["GET"]}}],"collection":[{"href":"https:\/\/gemengen.zesummeliewen.lu\/en\/wp-json\/wp\/v2\/pages"}],"about":[{"href":"https:\/\/gemengen.zesummeliewen.lu\/en\/wp-json\/wp\/v2\/types\/page"}],"author":[{"embeddable":true,"href":"https:\/\/gemengen.zesummeliewen.lu\/en\/wp-json\/wp\/v2\/users\/1"}],"replies":[{"embeddable":true,"href":"https:\/\/gemengen.zesummeliewen.lu\/en\/wp-json\/wp\/v2\/comments?post=4004"}],"version-history":[{"count":20,"href":"https:\/\/gemengen.zesummeliewen.lu\/en\/wp-json\/wp\/v2\/pages\/4004\/revisions"}],"predecessor-version":[{"id":5229,"href":"https:\/\/gemengen.zesummeliewen.lu\/en\/wp-json\/wp\/v2\/pages\/4004\/revisions\/5229"}],"wp:attachment":[{"href":"https:\/\/gemengen.zesummeliewen.lu\/en\/wp-json\/wp\/v2\/media?parent=4004"}],"curies":[{"name":"wp","href":"https:\/\/api.w.org\/{rel}","templated":true}]}}