{"id":4006,"date":"2024-02-28T12:14:07","date_gmt":"2024-02-28T12:14:07","guid":{"rendered":"https:\/\/gemengen.zesummeliewen.lu\/antragsformular\/"},"modified":"2026-03-11T09:52:58","modified_gmt":"2026-03-11T09:52:58","slug":"antragsformular","status":"publish","type":"page","link":"https:\/\/gemengen.zesummeliewen.lu\/de\/antragsformular\/","title":{"rendered":"Antragsformular"},"content":{"rendered":"[vc_row type=&#8220;full_width_background&#8220; full_screen_row_position=&#8220;middle&#8220; column_margin=&#8220;default&#8220; column_direction=&#8220;default&#8220; column_direction_tablet=&#8220;default&#8220; column_direction_phone=&#8220;default&#8220; bg_color=&#8220;#f2f2f2&#8243; scene_position=&#8220;center&#8220; top_padding=&#8220;3%&#8220; bottom_padding=&#8220;2%&#8220; text_color=&#8220;dark&#8220; text_align=&#8220;left&#8220; row_border_radius=&#8220;none&#8220; row_border_radius_applies=&#8220;bg&#8220; overflow=&#8220;visible&#8220; overlay_strength=&#8220;0.3&#8243; gradient_direction=&#8220;left_to_right&#8220; shape_divider_position=&#8220;bottom&#8220; bg_image_animation=&#8220;none&#8220; gradient_type=&#8220;default&#8220; shape_type=&#8220;&#8220;][vc_column column_padding=&#8220;no-extra-padding&#8220; column_padding_tablet=&#8220;inherit&#8220; column_padding_phone=&#8220;inherit&#8220; column_padding_position=&#8220;all&#8220; column_element_direction_desktop=&#8220;default&#8220; column_element_spacing=&#8220;default&#8220; desktop_text_alignment=&#8220;default&#8220; tablet_text_alignment=&#8220;default&#8220; phone_text_alignment=&#8220;default&#8220; background_color_opacity=&#8220;1&#8243; background_hover_color_opacity=&#8220;1&#8243; column_backdrop_filter=&#8220;none&#8220; column_shadow=&#8220;none&#8220; column_border_radius=&#8220;none&#8220; column_link_target=&#8220;_self&#8220; column_position=&#8220;default&#8220; gradient_direction=&#8220;left_to_right&#8220; overlay_strength=&#8220;0.3&#8243; width=&#8220;1\/1&#8243; tablet_width_inherit=&#8220;default&#8220; animation_type=&#8220;default&#8220; bg_image_animation=&#8220;none&#8220; border_type=&#8220;simple&#8220; column_border_width=&#8220;none&#8220; column_border_style=&#8220;solid&#8220;][vc_column_text]\n<h2><strong>Antrag auf Beitritt zum Gemengepakt vum interkulturellen Zesummeliewen<\/strong><\/h2>\n<p>&nbsp;<\/p>\n<p>Herzlichen Gl\u00fcckwunsch an Ihre Gemeinde oder Ihren Gemeindeverbund zu Ihrer Entscheidung, dem Gemengepakt vum interkulturellen Zesummeliewen beizutreten!<\/p>\n<p>Der Gemengepakt wird zwischen dem Minister und einer Gemeinde oder einem Gemeindeverbund unterzeichnet und tr\u00e4gt zur Umsetzung des interkulturellen Zusammenlebens auf kommunaler Ebene bei. Der Gemengepakt hat eine G\u00fcltigkeitsdauer von sechs Jahren und ist verl\u00e4ngerbar.<\/p>\n<p>Der Gemengepakt:<\/p>\n<ul>\n<li style=\"text-align: left;\">tr\u00e4gt zur Umsetzung des Nationalen Aktionsplans f\u00fcr interkulturelles Zusammenleben bei;<\/li>\n<li style=\"text-align: left;\">basiert auf einem partizipativen Prozess zur Identifizierung und Festlegung der auf kommunaler Ebene umzusetzenden Ziele und Ma\u00dfnahmen;<\/li>\n<li style=\"text-align: left;\">ermutigt die Einwohnerinnen und Einwohner der Gemeinde sowie Grenzg\u00e4ngerinnen und Grenzg\u00e4nger, deren Arbeitsplatz sich in der Gemeinde befindet, dem B\u00fcrgerpakt beizutreten und an den im Rahmen des Programms angebotenen Modulen teilzunehmen<\/li>\n<li style=\"text-align: left;\">definiert einen schrittweisen Prozess und legt einen Umsetzungszeitplan fest<\/li>\n<li style=\"text-align: left;\">legt messbare Indikatoren zur Bewertung seiner Umsetzung fest.<\/li>\n<\/ul>\n<p><strong>F\u00fcr weitere Informationen wenden Sie sich bitte an die Abteilung Zusammenleben des<\/strong> Ministeriums f\u00fcr Familie, Solidarit\u00e4t, Zusammenleben und Unterbringung von Fl\u00fcchtlingen.<\/p>\n<p>Anna KIRSCH<br \/>\nT\u00e9l.: 247-65772<\/p>\n<p>Email: <a href=\"&#109;&#97;&#x69;&#x6c;&#116;&#111;&#x3a;&#x67;&#101;&#109;&#x65;&#x6e;&#103;&#101;&#x6e;&#x2e;&#122;&#101;&#x73;&#x75;&#109;&#109;&#x65;&#x6c;&#105;&#101;&#x77;&#x65;&#110;&#64;&#x66;&#x6d;&#46;&#101;&#x74;&#x61;&#116;&#46;&#x6c;&#x75;\">&#103;&#x65;&#x6d;e&#110;&#x67;e&#110;&#x2e;&#x7a;&#101;&#x73;&#x75;m&#109;&#x65;l&#105;&#x65;&#x77;&#101;&#x6e;&#x40;f&#109;&#x2e;e&#116;&#x61;&#x74;&#46;&#x6c;&#x75;<\/a><\/p>\n[\/vc_column_text][\/vc_column][vc_column column_padding=&#8220;no-extra-padding&#8220; column_padding_tablet=&#8220;inherit&#8220; column_padding_phone=&#8220;inherit&#8220; column_padding_position=&#8220;all&#8220; column_element_direction_desktop=&#8220;default&#8220; column_element_spacing=&#8220;default&#8220; desktop_text_alignment=&#8220;default&#8220; tablet_text_alignment=&#8220;default&#8220; phone_text_alignment=&#8220;default&#8220; background_color_opacity=&#8220;1&#8243; background_hover_color_opacity=&#8220;1&#8243; column_backdrop_filter=&#8220;none&#8220; column_shadow=&#8220;none&#8220; column_border_radius=&#8220;10px&#8220; column_link_target=&#8220;_self&#8220; column_position=&#8220;default&#8220; gradient_direction=&#8220;left_to_right&#8220; overlay_strength=&#8220;0.3&#8243; width=&#8220;2\/5&#8243; tablet_width_inherit=&#8220;default&#8220; animation_type=&#8220;default&#8220; bg_image_animation=&#8220;none&#8220; border_type=&#8220;simple&#8220; column_border_width=&#8220;none&#8220; column_border_style=&#8220;solid&#8220; column_padding_type=&#8220;default&#8220; gradient_type=&#8220;default&#8220;][image_with_animation image_url=&#8220;4062&#8243; image_size=&#8220;medium&#8220; animation_type=&#8220;entrance&#8220; animation=&#8220;None&#8220; animation_movement_type=&#8220;transform_y&#8220; hover_animation=&#8220;none&#8220; alignment=&#8220;&#8220; border_radius=&#8220;none&#8220; box_shadow=&#8220;none&#8220; image_loading=&#8220;default&#8220; max_width=&#8220;custom&#8220; max_width_custom=&#8220;280&#8243;][vc_row_inner column_margin=&#8220;default&#8220; column_direction=&#8220;default&#8220; column_direction_tablet=&#8220;default&#8220; column_direction_phone=&#8220;default&#8220; top_padding=&#8220;1%&#8220; text_align=&#8220;left&#8220; row_position=&#8220;default&#8220; row_position_tablet=&#8220;inherit&#8220; row_position_phone=&#8220;inherit&#8220; overflow=&#8220;visible&#8220; pointer_events=&#8220;all&#8220;][vc_column_inner column_padding=&#8220;padding-3-percent&#8220; column_padding_tablet=&#8220;inherit&#8220; column_padding_phone=&#8220;inherit&#8220; column_padding_position=&#8220;all&#8220; column_element_direction_desktop=&#8220;default&#8220; column_element_spacing=&#8220;default&#8220; desktop_text_alignment=&#8220;default&#8220; tablet_text_alignment=&#8220;default&#8220; phone_text_alignment=&#8220;default&#8220; background_color=&#8220;#ffffff&#8220; background_color_opacity=&#8220;1&#8243; background_hover_color_opacity=&#8220;1&#8243; column_backdrop_filter=&#8220;none&#8220; column_shadow=&#8220;none&#8220; column_border_radius=&#8220;5px&#8220; column_link_target=&#8220;_self&#8220; overflow=&#8220;visible&#8220; gradient_direction=&#8220;left_to_right&#8220; overlay_strength=&#8220;0.3&#8243; width=&#8220;1\/1&#8243; tablet_width_inherit=&#8220;default&#8220; animation_type=&#8220;default&#8220; bg_image_animation=&#8220;none&#8220; border_type=&#8220;simple&#8220; column_border_width=&#8220;none&#8220; column_border_style=&#8220;solid&#8220; column_padding_type=&#8220;default&#8220; gradient_type=&#8220;default&#8220;][vc_column_text css=&#8220;&#8220; text_direction=&#8220;default&#8220;]<strong>Die n\u00e4chsten Unterzeichnungszeremonien des Gemengepakts finden statt*:<\/strong><\/p>\n<ul>\n<li>Montag, 9. Februar 2026, 16:00\u201317:30 Uhr<\/li>\n<li>Montag, 18. Mai 2026, 16:00\u201317:30 Uhr<\/li>\n<li>Montag, 6. Juli 2026, 16:00\u201317:30 Uhr<\/li>\n<li>Montag, 12. Oktober 2026, 16:00\u201317:30 Uhr<\/li>\n<li>Mittwoch, 9. Dezember 2026, 16:00\u201317:30 Uhr<\/li>\n<\/ul>\n<p><strong>Die Beitrittsantr\u00e4ge m\u00fcssen sp\u00e4testens vier Wochen vor dem Termin der gew\u00fcnschten Unterzeichnungszeremonie vollst\u00e4ndig eingereicht werden.<\/strong><\/p>\n<p>* Voraussichtliche Termine, \u00c4nderungen vorbehalten[\/vc_column_text][\/vc_column_inner][\/vc_row_inner][vc_row_inner disable_element=&#8220;yes&#8220; column_margin=&#8220;default&#8220; column_direction=&#8220;default&#8220; column_direction_tablet=&#8220;default&#8220; column_direction_phone=&#8220;default&#8220; top_padding=&#8220;3%&#8220; text_align=&#8220;left&#8220; row_position=&#8220;default&#8220; row_position_tablet=&#8220;inherit&#8220; row_position_phone=&#8220;inherit&#8220; overflow=&#8220;visible&#8220; pointer_events=&#8220;all&#8220;][vc_column_inner column_padding=&#8220;padding-5-percent&#8220; column_padding_tablet=&#8220;inherit&#8220; column_padding_phone=&#8220;inherit&#8220; column_padding_position=&#8220;all&#8220; column_element_direction_desktop=&#8220;default&#8220; column_element_spacing=&#8220;default&#8220; desktop_text_alignment=&#8220;default&#8220; tablet_text_alignment=&#8220;default&#8220; phone_text_alignment=&#8220;default&#8220; background_color=&#8220;#ddeef8&#8243; background_color_opacity=&#8220;1&#8243; background_hover_color_opacity=&#8220;1&#8243; column_backdrop_filter=&#8220;none&#8220; column_shadow=&#8220;none&#8220; column_border_radius=&#8220;10px&#8220; column_link_target=&#8220;_self&#8220; overflow=&#8220;visible&#8220; gradient_direction=&#8220;left_to_right&#8220; overlay_strength=&#8220;0.3&#8243; width=&#8220;1\/1&#8243; tablet_width_inherit=&#8220;default&#8220; animation_type=&#8220;default&#8220; bg_image_animation=&#8220;none&#8220; border_type=&#8220;simple&#8220; column_border_width=&#8220;none&#8220; column_border_style=&#8220;solid&#8220; column_padding_type=&#8220;default&#8220; gradient_type=&#8220;default&#8220;][vc_column_text css=&#8220;&#8220; text_direction=&#8220;default&#8220;]\n<h3>Bo\u00eete \u00e0 outils CCVEI<\/h3>\n<p><a href=\"https:\/\/gemengen.zesummeliewen.lu\/wp-content\/uploads\/2024\/05\/Conseils-de-communication_CCVEI.pdf\">Conseils de communication pour commissions du vivre-ensemble interculturel<\/a><\/p>\n<p><a href=\"https:\/\/gemengen.zesummeliewen.lu\/wp-content\/uploads\/2024\/05\/11508_MFIGR_CharteGraphique_CCVEI_WEB.pdf\">Charte graphique pour commissions du vivre-ensemble interculturel<\/a><\/p>\n<div class=\"wpb_text_column wpb_content_element \">\n<div class=\"wpb_wrapper\">\n<p>Si vous souhaitez recevoir le logo de la CCVEI (diff\u00e9rents formats disponibles), merci de contacter la Division du vivre-ensemble interculturel:\u00a0<a style=\"word-wrap: break-word;\" href=\"mai&#108;&#116;&#111;&#x3a;&#x67;&#x65;&#x6d;&#x65;&#x6e;gen&#46;&#122;&#101;&#115;&#x75;&#x6d;&#x6d;&#x65;&#x6c;&#x69;ewe&#110;&#64;&#102;&#x6d;&#x2e;&#x65;&#x74;&#x61;&#x74;&#46;lu\">&#103;e&#x6d;e&#x6e;g&#x65;n&#x2e;&#122;&#x65;&#115;&#x75;&#109;&#x6d;&#101;l&#105;e&#x77;e&#x6e;&#64;&#x66;&#109;&#x2e;&#101;&#x74;&#97;&#x74;&#46;&#x6c;&#117;<\/a><\/p>\n<\/div>\n<p>&nbsp;<\/p>\n<\/div>\n[\/vc_column_text][\/vc_column_inner][\/vc_row_inner][\/vc_column][\/vc_row][vc_row type=&#8220;full_width_background&#8220; full_screen_row_position=&#8220;middle&#8220; column_margin=&#8220;default&#8220; column_direction=&#8220;default&#8220; column_direction_tablet=&#8220;default&#8220; column_direction_phone=&#8220;default&#8220; bg_color=&#8220;#f2f2f2&#8243; scene_position=&#8220;center&#8220; top_padding=&#8220;2%&#8220; bottom_padding=&#8220;10%&#8220; text_color=&#8220;dark&#8220; text_align=&#8220;left&#8220; row_border_radius=&#8220;none&#8220; row_border_radius_applies=&#8220;bg&#8220; overflow=&#8220;visible&#8220; overlay_strength=&#8220;0.3&#8243; gradient_direction=&#8220;left_to_right&#8220; shape_divider_position=&#8220;bottom&#8220; bg_image_animation=&#8220;none&#8220; gradient_type=&#8220;default&#8220; shape_type=&#8220;&#8220;][vc_column column_padding=&#8220;no-extra-padding&#8220; column_padding_tablet=&#8220;inherit&#8220; column_padding_phone=&#8220;inherit&#8220; column_padding_position=&#8220;all&#8220; column_element_direction_desktop=&#8220;default&#8220; column_element_spacing=&#8220;default&#8220; desktop_text_alignment=&#8220;default&#8220; tablet_text_alignment=&#8220;default&#8220; phone_text_alignment=&#8220;default&#8220; background_color_opacity=&#8220;1&#8243; background_hover_color_opacity=&#8220;1&#8243; column_backdrop_filter=&#8220;none&#8220; column_shadow=&#8220;none&#8220; column_border_radius=&#8220;10px&#8220; column_link_target=&#8220;_self&#8220; column_position=&#8220;default&#8220; gradient_direction=&#8220;left_to_right&#8220; overlay_strength=&#8220;0.3&#8243; width=&#8220;1\/1&#8243; tablet_width_inherit=&#8220;default&#8220; animation_type=&#8220;default&#8220; bg_image_animation=&#8220;none&#8220; border_type=&#8220;simple&#8220; column_border_width=&#8220;none&#8220; column_border_style=&#8220;solid&#8220; column_padding_type=&#8220;default&#8220; gradient_type=&#8220;default&#8220;][vc_row_inner column_margin=&#8220;default&#8220; column_direction=&#8220;default&#8220; column_direction_tablet=&#8220;default&#8220; column_direction_phone=&#8220;default&#8220; text_align=&#8220;left&#8220; row_position=&#8220;default&#8220; row_position_tablet=&#8220;inherit&#8220; row_position_phone=&#8220;inherit&#8220; overflow=&#8220;visible&#8220; pointer_events=&#8220;all&#8220;][vc_column_inner column_padding=&#8220;padding-2-percent&#8220; column_padding_tablet=&#8220;inherit&#8220; column_padding_phone=&#8220;inherit&#8220; column_padding_position=&#8220;all&#8220; column_element_direction_desktop=&#8220;default&#8220; column_element_spacing=&#8220;default&#8220; desktop_text_alignment=&#8220;default&#8220; tablet_text_alignment=&#8220;default&#8220; phone_text_alignment=&#8220;default&#8220; background_color=&#8220;#ffffff&#8220; background_color_opacity=&#8220;1&#8243; background_hover_color_opacity=&#8220;1&#8243; column_backdrop_filter=&#8220;none&#8220; column_shadow=&#8220;none&#8220; column_border_radius=&#8220;5px&#8220; column_link_target=&#8220;_self&#8220; overflow=&#8220;visible&#8220; gradient_direction=&#8220;left_to_right&#8220; overlay_strength=&#8220;0.3&#8243; width=&#8220;1\/1&#8243; tablet_width_inherit=&#8220;default&#8220; animation_type=&#8220;default&#8220; bg_image_animation=&#8220;none&#8220; border_type=&#8220;simple&#8220; column_border_width=&#8220;none&#8220; column_border_style=&#8220;solid&#8220; column_padding_type=&#8220;default&#8220; gradient_type=&#8220;default&#8220;][vc_column_text]<strong>Pour faire votre demande d\u2019adh\u00e9sion au Gemengepakt, veuillez compl\u00e9t\u00e9r le formulaire ci-dessous:<\/strong>[\/vc_column_text][\/vc_column_inner][\/vc_row_inner]\r\n    <script>\r\n        let apiUrl = 'https:\/\/dashboard.zesummeliewen.lu';\r\n        let lang = 'de';\r\n    <\/script>\r\n\t    <div id=\"mfi-request-form\"><\/div>\r\n\r\n    <div class=\"popup\" style=\"display: none;\">\r\n        <div class=\"backdrop\"><\/div>\r\n        <div class=\"content\">\r\n            <div>\r\n\t\t\t\tCe formulaire n'est pas disponible sur les petits \u00e9crans. Veuillez passer \u00e0 un \u00e9cran plus grand (ordinateur ou laptop) pour y acc\u00e9der.            <\/div>\r\n            <div style=\"text-align: center;\">\r\n\t            [nectar_btn size=\"regular\" open_new_tab=\"true\" \r\n\t\t\t\t\t\tbutton_style=\"regular\" button_color_2=\"Accent-Color\" solid_text_color_override=\"#054055\" \r\n\t\t\t\t\t\ticon_family=\"none\" text=\"Schlie\u00dfen\" url=\"#\"]            <\/div>\r\n        <\/div>\r\n    <\/div>\r\n\r\n    <script>\r\n        jQuery(document).ready(function () {\r\n\r\n            const viewportWidth = window.innerWidth || document.documentElement.clientWidth;\r\n\r\n            if (viewportWidth <= 1279) {\r\n                openPracticePopup();\r\n            }\r\n\r\n            function openPracticePopup() {\r\n                jQuery('.popup').show();\r\n                jQuery('.nectar-global-section.before-footer,#header-outer').toggleClass('behind-overlay');\r\n            }\r\n\r\n            \/\/Handle Popup Close\r\n            jQuery('.popup .close-popup, .popup a.nectar-button').on('click', function (e) {\r\n                e.preventDefault();\r\n                jQuery(this).parents('.popup').hide();\r\n                jQuery('.nectar-global-section.before-footer,#header-outer').toggleClass('behind-overlay');\r\n            });\r\n\r\n            jQuery('.popup .backdrop').on('click', function (e) {\r\n                e.preventDefault();\r\n                jQuery(this).parents('.popup').hide();\r\n                jQuery('.nectar-global-section.before-footer,#header-outer').toggleClass('behind-overlay');\r\n            });\r\n        });\r\n    <\/script>\r\n\t[\/vc_column][\/vc_row]\n","protected":false},"excerpt":{"rendered":"<p>[vc_row type=&#8220;full_width_background&#8220; full_screen_row_position=&#8220;middle&#8220; column_margin=&#8220;default&#8220; column_direction=&#8220;default&#8220; column_direction_tablet=&#8220;default&#8220; column_direction_phone=&#8220;default&#8220; bg_color=&#8220;#f2f2f2&#8243; scene_position=&#8220;center&#8220; top_padding=&#8220;3%&#8220; bottom_padding=&#8220;2%&#8220; text_color=&#8220;dark&#8220; text_align=&#8220;left&#8220; row_border_radius=&#8220;none&#8220; row_border_radius_applies=&#8220;bg&#8220; overflow=&#8220;visible&#8220; overlay_strength=&#8220;0.3&#8243; gradient_direction=&#8220;left_to_right&#8220; shape_divider_position=&#8220;bottom&#8220; bg_image_animation=&#8220;none&#8220; gradient_type=&#8220;default&#8220; shape_type=&#8220;&#8220;][vc_column column_padding=&#8220;no-extra-padding&#8220; column_padding_tablet=&#8220;inherit&#8220; column_padding_phone=&#8220;inherit&#8220; column_padding_position=&#8220;all&#8220; column_element_direction_desktop=&#8220;default&#8220; column_element_spacing=&#8220;default&#8220; desktop_text_alignment=&#8220;default&#8220; tablet_text_alignment=&#8220;default&#8220;&#8230;<\/p>\n","protected":false},"author":1,"featured_media":0,"parent":0,"menu_order":0,"comment_status":"closed","ping_status":"closed","template":"","meta":{"_acf_changed":false,"inline_featured_image":false,"footnotes":""},"class_list":["post-4006","page","type-page","status-publish"],"acf":[],"yoast_head":"<!-- This site is optimized with the Yoast SEO plugin v26.8 - https:\/\/yoast.com\/product\/yoast-seo-wordpress\/ -->\n<title>Antragsformular - Zesummeliewen<\/title>\n<meta name=\"description\" content=\"Antr\u00e4ge auf Beitritt zum \u201eGemengepakt\u201c k\u00f6nnen von einer Gemeinde oder einer Gruppe von mehreren Gemeinden eingereicht werden.\" \/>\n<meta name=\"robots\" content=\"index, follow, max-snippet:-1, max-image-preview:large, max-video-preview:-1\" \/>\n<link rel=\"canonical\" href=\"https:\/\/gemengen.zesummeliewen.lu\/de\/antragsformular\/\" \/>\n<meta property=\"og:locale\" content=\"de_DE\" \/>\n<meta property=\"og:type\" content=\"article\" \/>\n<meta property=\"og:title\" content=\"Antragsformular - Zesummeliewen\" \/>\n<meta property=\"og:description\" content=\"Antr\u00e4ge auf Beitritt zum \u201eGemengepakt\u201c k\u00f6nnen von einer Gemeinde oder einer Gruppe von mehreren Gemeinden eingereicht werden.\" \/>\n<meta property=\"og:url\" content=\"https:\/\/gemengen.zesummeliewen.lu\/de\/antragsformular\/\" \/>\n<meta property=\"og:site_name\" content=\"Zesummeliewen\" \/>\n<meta property=\"article:modified_time\" content=\"2026-03-11T09:52:58+00:00\" \/>\n<meta name=\"twitter:card\" content=\"summary_large_image\" \/>\n<meta name=\"twitter:label1\" content=\"Gesch\u00e4tzte Lesezeit\" \/>\n\t<meta name=\"twitter:data1\" content=\"2\u00a0Minuten\" \/>\n<script type=\"application\/ld+json\" class=\"yoast-schema-graph\">{\"@context\":\"https:\/\/schema.org\",\"@graph\":[{\"@type\":\"WebPage\",\"@id\":\"https:\/\/gemengen.zesummeliewen.lu\/de\/antragsformular\/\",\"url\":\"https:\/\/gemengen.zesummeliewen.lu\/de\/antragsformular\/\",\"name\":\"Antragsformular - Zesummeliewen\",\"isPartOf\":{\"@id\":\"https:\/\/gemengen.zesummeliewen.lu\/#website\"},\"datePublished\":\"2024-02-28T12:14:07+00:00\",\"dateModified\":\"2026-03-11T09:52:58+00:00\",\"description\":\"Antr\u00e4ge auf Beitritt zum \u201eGemengepakt\u201c k\u00f6nnen von einer Gemeinde oder einer Gruppe von mehreren Gemeinden eingereicht werden.\",\"breadcrumb\":{\"@id\":\"https:\/\/gemengen.zesummeliewen.lu\/de\/antragsformular\/#breadcrumb\"},\"inLanguage\":\"de\",\"potentialAction\":[{\"@type\":\"ReadAction\",\"target\":[\"https:\/\/gemengen.zesummeliewen.lu\/de\/antragsformular\/\"]}]},{\"@type\":\"BreadcrumbList\",\"@id\":\"https:\/\/gemengen.zesummeliewen.lu\/de\/antragsformular\/#breadcrumb\",\"itemListElement\":[{\"@type\":\"ListItem\",\"position\":1,\"name\":\"Startseite\",\"item\":\"https:\/\/gemengen.zesummeliewen.lu\/de\/\"},{\"@type\":\"ListItem\",\"position\":2,\"name\":\"Antragsformular\"}]},{\"@type\":\"WebSite\",\"@id\":\"https:\/\/gemengen.zesummeliewen.lu\/#website\",\"url\":\"https:\/\/gemengen.zesummeliewen.lu\/\",\"name\":\"Zesummeliewen\",\"description\":\"Zesummeliewen an \u00e4rer Gemeng\",\"publisher\":{\"@id\":\"https:\/\/gemengen.zesummeliewen.lu\/#organization\"},\"potentialAction\":[{\"@type\":\"SearchAction\",\"target\":{\"@type\":\"EntryPoint\",\"urlTemplate\":\"https:\/\/gemengen.zesummeliewen.lu\/?s={search_term_string}\"},\"query-input\":{\"@type\":\"PropertyValueSpecification\",\"valueRequired\":true,\"valueName\":\"search_term_string\"}}],\"inLanguage\":\"de\"},{\"@type\":\"Organization\",\"@id\":\"https:\/\/gemengen.zesummeliewen.lu\/#organization\",\"name\":\"Zesummeliewen\",\"alternateName\":\"Zesummeliewen\",\"url\":\"https:\/\/gemengen.zesummeliewen.lu\/\",\"logo\":{\"@type\":\"ImageObject\",\"inLanguage\":\"de\",\"@id\":\"https:\/\/gemengen.zesummeliewen.lu\/#\/schema\/logo\/image\/\",\"url\":\"https:\/\/gemengen.zesummeliewen.lu\/wp-content\/uploads\/2023\/02\/MFI__zesumme_liewen_gemeng_logo-1.png\",\"contentUrl\":\"https:\/\/gemengen.zesummeliewen.lu\/wp-content\/uploads\/2023\/02\/MFI__zesumme_liewen_gemeng_logo-1.png\",\"width\":1718,\"height\":613,\"caption\":\"Zesummeliewen\"},\"image\":{\"@id\":\"https:\/\/gemengen.zesummeliewen.lu\/#\/schema\/logo\/image\/\"}}]}<\/script>\n<!-- \/ Yoast SEO plugin. -->","yoast_head_json":{"title":"Antragsformular - Zesummeliewen","description":"Antr\u00e4ge auf Beitritt zum \u201eGemengepakt\u201c k\u00f6nnen von einer Gemeinde oder einer Gruppe von mehreren Gemeinden eingereicht werden.","robots":{"index":"index","follow":"follow","max-snippet":"max-snippet:-1","max-image-preview":"max-image-preview:large","max-video-preview":"max-video-preview:-1"},"canonical":"https:\/\/gemengen.zesummeliewen.lu\/de\/antragsformular\/","og_locale":"de_DE","og_type":"article","og_title":"Antragsformular - Zesummeliewen","og_description":"Antr\u00e4ge auf Beitritt zum \u201eGemengepakt\u201c k\u00f6nnen von einer Gemeinde oder einer Gruppe von mehreren Gemeinden eingereicht werden.","og_url":"https:\/\/gemengen.zesummeliewen.lu\/de\/antragsformular\/","og_site_name":"Zesummeliewen","article_modified_time":"2026-03-11T09:52:58+00:00","twitter_card":"summary_large_image","twitter_misc":{"Gesch\u00e4tzte Lesezeit":"2\u00a0Minuten"},"schema":{"@context":"https:\/\/schema.org","@graph":[{"@type":"WebPage","@id":"https:\/\/gemengen.zesummeliewen.lu\/de\/antragsformular\/","url":"https:\/\/gemengen.zesummeliewen.lu\/de\/antragsformular\/","name":"Antragsformular - Zesummeliewen","isPartOf":{"@id":"https:\/\/gemengen.zesummeliewen.lu\/#website"},"datePublished":"2024-02-28T12:14:07+00:00","dateModified":"2026-03-11T09:52:58+00:00","description":"Antr\u00e4ge auf Beitritt zum \u201eGemengepakt\u201c k\u00f6nnen von einer Gemeinde oder einer Gruppe von mehreren Gemeinden eingereicht werden.","breadcrumb":{"@id":"https:\/\/gemengen.zesummeliewen.lu\/de\/antragsformular\/#breadcrumb"},"inLanguage":"de","potentialAction":[{"@type":"ReadAction","target":["https:\/\/gemengen.zesummeliewen.lu\/de\/antragsformular\/"]}]},{"@type":"BreadcrumbList","@id":"https:\/\/gemengen.zesummeliewen.lu\/de\/antragsformular\/#breadcrumb","itemListElement":[{"@type":"ListItem","position":1,"name":"Startseite","item":"https:\/\/gemengen.zesummeliewen.lu\/de\/"},{"@type":"ListItem","position":2,"name":"Antragsformular"}]},{"@type":"WebSite","@id":"https:\/\/gemengen.zesummeliewen.lu\/#website","url":"https:\/\/gemengen.zesummeliewen.lu\/","name":"Zesummeliewen","description":"Zesummeliewen an \u00e4rer Gemeng","publisher":{"@id":"https:\/\/gemengen.zesummeliewen.lu\/#organization"},"potentialAction":[{"@type":"SearchAction","target":{"@type":"EntryPoint","urlTemplate":"https:\/\/gemengen.zesummeliewen.lu\/?s={search_term_string}"},"query-input":{"@type":"PropertyValueSpecification","valueRequired":true,"valueName":"search_term_string"}}],"inLanguage":"de"},{"@type":"Organization","@id":"https:\/\/gemengen.zesummeliewen.lu\/#organization","name":"Zesummeliewen","alternateName":"Zesummeliewen","url":"https:\/\/gemengen.zesummeliewen.lu\/","logo":{"@type":"ImageObject","inLanguage":"de","@id":"https:\/\/gemengen.zesummeliewen.lu\/#\/schema\/logo\/image\/","url":"https:\/\/gemengen.zesummeliewen.lu\/wp-content\/uploads\/2023\/02\/MFI__zesumme_liewen_gemeng_logo-1.png","contentUrl":"https:\/\/gemengen.zesummeliewen.lu\/wp-content\/uploads\/2023\/02\/MFI__zesumme_liewen_gemeng_logo-1.png","width":1718,"height":613,"caption":"Zesummeliewen"},"image":{"@id":"https:\/\/gemengen.zesummeliewen.lu\/#\/schema\/logo\/image\/"}}]}},"_links":{"self":[{"href":"https:\/\/gemengen.zesummeliewen.lu\/de\/wp-json\/wp\/v2\/pages\/4006","targetHints":{"allow":["GET"]}}],"collection":[{"href":"https:\/\/gemengen.zesummeliewen.lu\/de\/wp-json\/wp\/v2\/pages"}],"about":[{"href":"https:\/\/gemengen.zesummeliewen.lu\/de\/wp-json\/wp\/v2\/types\/page"}],"author":[{"embeddable":true,"href":"https:\/\/gemengen.zesummeliewen.lu\/de\/wp-json\/wp\/v2\/users\/1"}],"replies":[{"embeddable":true,"href":"https:\/\/gemengen.zesummeliewen.lu\/de\/wp-json\/wp\/v2\/comments?post=4006"}],"version-history":[{"count":20,"href":"https:\/\/gemengen.zesummeliewen.lu\/de\/wp-json\/wp\/v2\/pages\/4006\/revisions"}],"predecessor-version":[{"id":5231,"href":"https:\/\/gemengen.zesummeliewen.lu\/de\/wp-json\/wp\/v2\/pages\/4006\/revisions\/5231"}],"wp:attachment":[{"href":"https:\/\/gemengen.zesummeliewen.lu\/de\/wp-json\/wp\/v2\/media?parent=4006"}],"curies":[{"name":"wp","href":"https:\/\/api.w.org\/{rel}","templated":true}]}}