{"id":3343,"date":"2023-11-20T14:03:00","date_gmt":"2023-11-20T14:03:00","guid":{"rendered":"https:\/\/gemengen.cuco.lu\/formular\/"},"modified":"2024-05-28T13:00:07","modified_gmt":"2024-05-28T13:00:07","slug":"formular","status":"publish","type":"page","link":"https:\/\/gemengen.zesummeliewen.lu\/de\/formular\/","title":{"rendered":"Formulaire de demande d&#8217;adh\u00e9sion"},"content":{"rendered":"[vc_row type=&#8220;full_width_background&#8220; full_screen_row_position=&#8220;middle&#8220; column_margin=&#8220;default&#8220; column_direction=&#8220;default&#8220; column_direction_tablet=&#8220;default&#8220; column_direction_phone=&#8220;default&#8220; scene_position=&#8220;center&#8220; text_color=&#8220;dark&#8220; text_align=&#8220;left&#8220; row_border_radius=&#8220;none&#8220; row_border_radius_applies=&#8220;bg&#8220; overflow=&#8220;visible&#8220; overlay_strength=&#8220;0.3&#8243; gradient_direction=&#8220;left_to_right&#8220; shape_divider_position=&#8220;bottom&#8220; bg_image_animation=&#8220;none&#8220; gradient_type=&#8220;default&#8220; shape_type=&#8220;&#8220;][vc_column column_padding=&#8220;no-extra-padding&#8220; column_padding_tablet=&#8220;inherit&#8220; column_padding_phone=&#8220;inherit&#8220; column_padding_position=&#8220;all&#8220; column_element_direction_desktop=&#8220;default&#8220; column_element_spacing=&#8220;default&#8220; desktop_text_alignment=&#8220;default&#8220; tablet_text_alignment=&#8220;default&#8220; phone_text_alignment=&#8220;default&#8220; background_color_opacity=&#8220;1&#8243; background_hover_color_opacity=&#8220;1&#8243; column_backdrop_filter=&#8220;none&#8220; column_shadow=&#8220;none&#8220; column_border_radius=&#8220;none&#8220; column_link_target=&#8220;_self&#8220; column_position=&#8220;default&#8220; gradient_direction=&#8220;left_to_right&#8220; overlay_strength=&#8220;0.3&#8243; width=&#8220;1\/1&#8243; tablet_width_inherit=&#8220;default&#8220; animation_type=&#8220;default&#8220; bg_image_animation=&#8220;none&#8220; border_type=&#8220;simple&#8220; column_border_width=&#8220;none&#8220; column_border_style=&#8220;solid&#8220;][vc_column_text]\n<h2>Antrag auf Beitritt zum <span class=\"ILfuVd\" lang=\"de\"><span class=\"hgKElc\">&#8222;<\/span><\/span>Gemengepakt<span class=\"ILfuVd\" lang=\"de\"><span class=\"hgKElc\">&#8222;<\/span><\/span><\/h2>\n[\/vc_column_text][\/vc_column][\/vc_row][vc_row type=&#8220;in_container&#8220; full_screen_row_position=&#8220;middle&#8220; column_margin=&#8220;default&#8220; column_direction=&#8220;default&#8220; column_direction_tablet=&#8220;default&#8220; column_direction_phone=&#8220;default&#8220; scene_position=&#8220;center&#8220; bottom_padding=&#8220;5%&#8220; text_color=&#8220;dark&#8220; text_align=&#8220;left&#8220; row_border_radius=&#8220;none&#8220; row_border_radius_applies=&#8220;bg&#8220; overflow=&#8220;visible&#8220; disable_element=&#8220;yes&#8220; overlay_strength=&#8220;0.3&#8243; gradient_direction=&#8220;left_to_right&#8220; shape_divider_position=&#8220;bottom&#8220; bg_image_animation=&#8220;none&#8220; gradient_type=&#8220;default&#8220; shape_type=&#8220;&#8220;][vc_column column_padding=&#8220;no-extra-padding&#8220; column_padding_tablet=&#8220;inherit&#8220; column_padding_phone=&#8220;inherit&#8220; column_padding_position=&#8220;all&#8220; column_element_direction_desktop=&#8220;default&#8220; column_element_spacing=&#8220;default&#8220; desktop_text_alignment=&#8220;default&#8220; tablet_text_alignment=&#8220;default&#8220; phone_text_alignment=&#8220;default&#8220; background_color_opacity=&#8220;1&#8243; background_hover_color_opacity=&#8220;1&#8243; column_backdrop_filter=&#8220;none&#8220; column_shadow=&#8220;none&#8220; column_border_radius=&#8220;none&#8220; column_link_target=&#8220;_self&#8220; column_position=&#8220;default&#8220; gradient_direction=&#8220;left_to_right&#8220; overlay_strength=&#8220;0.3&#8243; width=&#8220;2\/3&#8243; tablet_width_inherit=&#8220;default&#8220; animation_type=&#8220;default&#8220; bg_image_animation=&#8220;none&#8220; border_type=&#8220;simple&#8220; column_border_width=&#8220;none&#8220; column_border_style=&#8220;solid&#8220;][vc_column_text]Vielen Dank f\u00fcr Ihr Interesse am &#8222;Gemengepakt&#8220;.<\/p>\n<p>Antr\u00e4ge auf Beitritt zum &#8222;Gemengepakt&#8220; k\u00f6nnen <strong>ab dem 2. Januar 2024<\/strong> von einer Gemeinde oder einer Gruppe von mehreren Gemeinden \u00fcber diesen Link beim Minister eingereicht werden.<\/p>\n<p>Gem\u00e4\u00df dem <a href=\"https:\/\/legilux.public.lu\/eli\/etat\/leg\/loi\/2023\/08\/23\/a545\/jo\">Gesetz vom 23. August 2023 \u00fcber das interkulturelle Zusammenleben<\/a> m\u00fcssen die Antr\u00e4ge Folgendes enthalten:<\/p>\n<ol>\n<li>ein vom B\u00fcrgermeister und vom Vorsitzenden der kommunalen Kommission f\u00fcr interkulturelles Zusammenleben unterzeichnetes Schreiben, in dem der Beitritt zum Gemeindepakt begr\u00fcndet wird ;<\/li>\n<li>eine Liste der Personen, die als Mitglieder des Lenkungsausschusses vorgeschlagen werden ;<\/li>\n<li>gegebenenfalls den Namen des Koordinators f\u00fcr den Gemeindepakt oder das Profil des einzustellenden Koordinators, zusammen mit einer Beschreibung der Aufgaben des Koordinators.<\/li>\n<\/ol>\n<p><strong>F\u00fcr weitere Informationen wenden Sie sich bitte an die Division du vivre-ensemble des Minist\u00e8re de la Famille, des Solidarit\u00e9s, du Vivre ensemble et de l\u2019Accueil <\/strong><\/p>\n<p>Anna KIRSCH<\/p>\n<p>Tel.: 247-65772<br \/>\nE-Mail: <a href=\"&#109;&#x61;&#105;&#x6c;t&#x6f;:&#99;&#x6f;&#109;&#x6d;&#117;&#x6e;e&#x73;&#64;&#105;&#x6e;&#116;&#x65;g&#x72;a&#x74;&#x69;&#111;&#x6e;&#46;&#x65;t&#x61;t&#46;&#x6c;&#117;\">g&#101;&#x6d;&#x65;&#x6e;g&#101;&#x6e;&#x2e;&#x7a;e&#115;&#x75;&#x6d;&#x6d;e&#108;&#x69;&#x65;&#x77;e&#110;&#x40;&#x66;&#x6d;&#46;&#101;&#x74;&#x61;&#x74;&#46;&#108;&#x75;<\/a>[\/vc_column_text][\/vc_column][vc_column column_padding=&#8220;no-extra-padding&#8220; column_padding_tablet=&#8220;inherit&#8220; column_padding_phone=&#8220;inherit&#8220; column_padding_position=&#8220;all&#8220; column_element_direction_desktop=&#8220;default&#8220; column_element_spacing=&#8220;default&#8220; desktop_text_alignment=&#8220;default&#8220; tablet_text_alignment=&#8220;default&#8220; phone_text_alignment=&#8220;default&#8220; background_color_opacity=&#8220;1&#8243; background_hover_color_opacity=&#8220;1&#8243; column_backdrop_filter=&#8220;none&#8220; column_shadow=&#8220;none&#8220; column_border_radius=&#8220;none&#8220; column_link_target=&#8220;_self&#8220; column_position=&#8220;default&#8220; gradient_direction=&#8220;left_to_right&#8220; overlay_strength=&#8220;0.3&#8243; width=&#8220;1\/3&#8243; tablet_width_inherit=&#8220;default&#8220; animation_type=&#8220;default&#8220; bg_image_animation=&#8220;none&#8220; border_type=&#8220;simple&#8220; column_border_width=&#8220;none&#8220; column_border_style=&#8220;solid&#8220;][image_with_animation image_url=&#8220;3646&#8243; image_size=&#8220;medium_large&#8220; animation_type=&#8220;entrance&#8220; animation=&#8220;None&#8220; animation_movement_type=&#8220;transform_y&#8220; hover_animation=&#8220;none&#8220; alignment=&#8220;center&#8220; border_radius=&#8220;none&#8220; box_shadow=&#8220;none&#8220; image_loading=&#8220;default&#8220; max_width=&#8220;100%&#8220; max_width_mobile=&#8220;default&#8220;][\/vc_column][\/vc_row][vc_row type=&#8220;full_width_background&#8220; full_screen_row_position=&#8220;middle&#8220; column_margin=&#8220;90px&#8220; column_direction=&#8220;default&#8220; column_direction_tablet=&#8220;default&#8220; column_direction_phone=&#8220;default&#8220; scene_position=&#8220;center&#8220; bottom_padding=&#8220;5%&#8220; text_color=&#8220;dark&#8220; text_align=&#8220;left&#8220; row_border_radius=&#8220;none&#8220; row_border_radius_applies=&#8220;bg&#8220; overflow=&#8220;visible&#8220; overlay_strength=&#8220;0.3&#8243; gradient_direction=&#8220;left_to_right&#8220; shape_divider_position=&#8220;bottom&#8220; bg_image_animation=&#8220;none&#8220; gradient_type=&#8220;default&#8220; shape_type=&#8220;&#8220;][vc_column column_padding=&#8220;no-extra-padding&#8220; column_padding_tablet=&#8220;inherit&#8220; column_padding_phone=&#8220;inherit&#8220; column_padding_position=&#8220;all&#8220; column_element_direction_desktop=&#8220;default&#8220; column_element_spacing=&#8220;default&#8220; desktop_text_alignment=&#8220;default&#8220; tablet_text_alignment=&#8220;default&#8220; phone_text_alignment=&#8220;default&#8220; background_color_opacity=&#8220;1&#8243; background_hover_color_opacity=&#8220;1&#8243; column_backdrop_filter=&#8220;none&#8220; column_shadow=&#8220;none&#8220; column_border_radius=&#8220;none&#8220; column_link_target=&#8220;_self&#8220; column_position=&#8220;default&#8220; gradient_direction=&#8220;left_to_right&#8220; overlay_strength=&#8220;0.3&#8243; width=&#8220;2\/3&#8243; tablet_width_inherit=&#8220;default&#8220; animation_type=&#8220;default&#8220; bg_image_animation=&#8220;none&#8220; border_type=&#8220;simple&#8220; column_border_width=&#8220;none&#8220; column_border_style=&#8220;solid&#8220;][vc_column_text]F\u00e9licitations \u00e0 votre commune\/groupe de communes pour votre d\u00e9cision d&#8217;adh\u00e9rer au \u00ab\u00a0Gemengepakt vum interkulturellen Zesummeliewen\u00a0\u00bb !<\/p>\n<p>Pour faire votre demande d\u2019adh\u00e9sion au \u00ab\u00a0Gemengepakt\u00a0\u00bb, veuillez t\u00e9l\u00e9charger le formulaire <span style=\"color: #dddd63;\"><a style=\"color: #dddd63;\" href=\"https:\/\/gemengen.zesummeliewen.lu\/wp-content\/uploads\/2023\/12\/PROTECTED_Demande-adhesion-Gemengepakt_vfinale-1.docx\" target=\"_blank\" rel=\"noopener\">Demande d\u2019adh\u00e9sion au \u00ab Gemengepakt \u00bb <\/a><\/span>. Une fois compl\u00e9t\u00e9 et sign\u00e9, veuillez nous le renvoyer avec les pi\u00e8ces jointes* sollicit\u00e9es \u00e0 <a href=\"mail&#116;&#111;&#58;&#103;&#101;&#x6d;&#x65;&#x6e;&#x67;&#x65;&#x6e;&#x2e;zesu&#109;&#109;&#101;&#108;&#105;&#x65;&#x77;&#x65;&#x6e;&#x40;&#x66;&#x6d;&#x2e;etat&#46;&#108;&#117;\">&#x67;&#x65;&#109;&#101;ng&#x65;&#x6e;&#x2e;&#122;es&#x75;&#x6d;&#x6d;&#101;&#108;i&#x65;&#x77;&#x65;&#110;&#64;f&#x6d;&#x2e;&#x65;&#116;&#97;t&#46;&#x6c;&#x75;<\/a>[\/vc_column_text][vc_column_text]* Pi\u00e8ces \u00e0 joindre au formulaire de demande d\u2019adh\u00e9sion au \u00ab\u00a0Gemengepakt\u00a0\u00bb\u00a0:<\/p>\n<ol>\n<li>une lettre sign\u00e9e par le\u00b7la\u00b7les bourgmestre\u00b7s et le\u00b7la\u00b7les pr\u00e9sident\u00b7e\u00b7s de la\u00b7des commission\u00b7s communale\u00b7s du vivre-ensemble interculturel motivant l\u2019adh\u00e9sion au pacte communal et demandant les subventions y li\u00e9es ;<\/li>\n<li>une liste des personnes propos\u00e9es pour \u00eatre membres du comit\u00e9 de pilotage, d\u00e9taillant la fonction de chaque membre dudit comit\u00e9 conform\u00e9ment \u00e0 l&#8217;article 6(5) de la loi relative au vivre-ensemble interculturel\u00a0 ;<\/li>\n<li>le cas \u00e9ch\u00e9ant, le nom du\u00b7de la\u00b7des coordinateur\u00b7trice\u00b7s pacte communal ou le profil du\u00b7de la\u00b7des coordinateur\u00b7trice\u00b7s \u00e0 recruter, accompagn\u00e9 d\u2019une description des ses t\u00e2ches ;<\/li>\n<li>un relev\u00e9 d\u2019identit\u00e9 bancaire (RIB) de la\u00b7des communes concern\u00e9e\u00b7s.<\/li>\n<\/ol>\n<p><strong>Pour plus d\u2019informations, veuillez contacter la Division du vivre ensemble <\/strong>du Minist\u00e8re de la Famille, des Solidarit\u00e9s, du Vivre ensemble et de l\u2019Accueil<\/p>\n<p>Anna KIRSCH<br \/>\nT\u00e9l.: 247-65772<br \/>\nEmail: <a href=\"&#x6d;&#x61;&#x69;&#108;&#116;o:&#x67;&#x65;&#x6d;&#x65;&#110;&#103;en&#x2e;&#x7a;&#x65;&#115;&#117;&#109;me&#x6c;&#x69;&#x65;&#119;&#101;n&#64;&#x66;&#x6d;&#x2e;&#x65;&#116;&#97;t&#46;&#x6c;&#x75;\">&#103;e&#109;e&#110;g&#x65;n&#x2e;z&#x65;s&#x75;m&#x6d;e&#x6c;i&#x65;w&#x65;n&#x40;f&#x6d;&#46;&#x65;&#116;&#x61;&#116;&#x2e;&#108;&#x75;<\/a>[\/vc_column_text][vc_column_text css=&#8220;.vc_custom_1705598264868{padding-top: 2% !important;padding-right: 2% !important;padding-bottom: 2% !important;padding-left: 2% !important;background-color: #f0f2f6 !important;border-radius: 10px !important;}&#8220;]\n<div class=\"wpb_text_column wpb_content_element vc_custom_1705597625376\">\n<div class=\"wpb_wrapper\">\n<p class=\"box-title\"><strong>Foire aux questions sur la loi du vivre-ensemble interculturel<\/strong><\/p>\n<div class=\"box-content\">\n<p>Vous trouvez des questions et r\u00e9ponses concernant la nouvelle loi du vivre-ensemble interculturel dans un <a href=\"https:\/\/mfsva.gouvernement.lu\/dam-assets\/zesummeliewen\/faq-loi-vivre-ensemble-interculturel-22122023.pdf\">document FAQ<\/a> sur le site web du Minist\u00e8re de la Famille, des Solidarit\u00e9s, du Vivre ensemble et de l\u2019Accueil.<\/p>\n<\/div>\n<\/div>\n<\/div>\n[\/vc_column_text][\/vc_column][vc_column column_padding=&#8220;no-extra-padding&#8220; column_padding_tablet=&#8220;inherit&#8220; column_padding_phone=&#8220;inherit&#8220; column_padding_position=&#8220;all&#8220; column_element_direction_desktop=&#8220;default&#8220; column_element_spacing=&#8220;default&#8220; desktop_text_alignment=&#8220;default&#8220; tablet_text_alignment=&#8220;default&#8220; phone_text_alignment=&#8220;default&#8220; background_color_opacity=&#8220;1&#8243; background_hover_color_opacity=&#8220;1&#8243; column_backdrop_filter=&#8220;none&#8220; column_shadow=&#8220;none&#8220; column_border_radius=&#8220;none&#8220; column_link_target=&#8220;_self&#8220; column_position=&#8220;default&#8220; gradient_direction=&#8220;left_to_right&#8220; overlay_strength=&#8220;0.3&#8243; width=&#8220;1\/3&#8243; tablet_width_inherit=&#8220;default&#8220; animation_type=&#8220;default&#8220; bg_image_animation=&#8220;none&#8220; border_type=&#8220;simple&#8220; column_border_width=&#8220;none&#8220; column_border_style=&#8220;solid&#8220;][image_with_animation image_url=&#8220;3866&#8243; image_size=&#8220;full&#8220; animation_type=&#8220;entrance&#8220; animation=&#8220;None&#8220; animation_movement_type=&#8220;transform_y&#8220; hover_animation=&#8220;none&#8220; alignment=&#8220;&#8220; border_radius=&#8220;none&#8220; box_shadow=&#8220;none&#8220; image_loading=&#8220;default&#8220; max_width=&#8220;100%&#8220; max_width_mobile=&#8220;default&#8220;][vc_column_text css=&#8220;.vc_custom_1706087713684{padding-top: 5% !important;padding-right: 5% !important;padding-bottom: 5% !important;padding-left: 5% !important;background-color: #f0f2f6 !important;border-radius: 10px !important;}&#8220;]<strong>C\u00e9r\u00e9monies de signature (2024)<\/strong><\/p>\n<p>Les c\u00e9r\u00e9monies de signature du pacte communal du vivre-ensemble interculturel en 2024 auront lieu* :<\/p>\n<ul>\n<li>Le mercredi 27 mars 2024, 16h00-18h00<\/li>\n<li>Le mercredi 19 juin 2024, 16h00-18h00<\/li>\n<li>Le mercredi 18 septembre 2024, 16h00-18h00<\/li>\n<li>Le mercredi 27 novembre 2024, 16h00-18h00<\/li>\n<\/ul>\n<p>Les demandes d&#8217;adh\u00e9sion doivent \u00eatre soumises et compl\u00e8tes au plus tard trois semaines avant la date de la c\u00e9r\u00e9monie de signature vis\u00e9e.<\/p>\n<p>* Dates pr\u00e9visionnelles, sujettes \u00e0 modification[\/vc_column_text][\/vc_column][\/vc_row]\n","protected":false},"excerpt":{"rendered":"<p>[vc_row type=&#8220;full_width_background&#8220; full_screen_row_position=&#8220;middle&#8220; column_margin=&#8220;default&#8220; column_direction=&#8220;default&#8220; column_direction_tablet=&#8220;default&#8220; column_direction_phone=&#8220;default&#8220; scene_position=&#8220;center&#8220; text_color=&#8220;dark&#8220; text_align=&#8220;left&#8220; row_border_radius=&#8220;none&#8220; row_border_radius_applies=&#8220;bg&#8220; overflow=&#8220;visible&#8220; overlay_strength=&#8220;0.3&#8243; gradient_direction=&#8220;left_to_right&#8220; shape_divider_position=&#8220;bottom&#8220; bg_image_animation=&#8220;none&#8220; gradient_type=&#8220;default&#8220; shape_type=&#8220;&#8220;][vc_column column_padding=&#8220;no-extra-padding&#8220; column_padding_tablet=&#8220;inherit&#8220; column_padding_phone=&#8220;inherit&#8220; column_padding_position=&#8220;all&#8220; column_element_direction_desktop=&#8220;default&#8220; column_element_spacing=&#8220;default&#8220; desktop_text_alignment=&#8220;default&#8220; tablet_text_alignment=&#8220;default&#8220; phone_text_alignment=&#8220;default&#8220; background_color_opacity=&#8220;1&#8243; background_hover_color_opacity=&#8220;1&#8243;&#8230;<\/p>\n","protected":false},"author":1,"featured_media":0,"parent":0,"menu_order":0,"comment_status":"closed","ping_status":"closed","template":"","meta":{"_acf_changed":false,"inline_featured_image":false,"footnotes":""},"class_list":["post-3343","page","type-page","status-publish"],"acf":[],"yoast_head":"<!-- This site is optimized with the Yoast SEO plugin v26.8 - https:\/\/yoast.com\/product\/yoast-seo-wordpress\/ -->\n<title>Formulaire de demande d&#039;adh\u00e9sion - Zesummeliewen<\/title>\n<meta name=\"description\" content=\"Antr\u00e4ge auf Beitritt zum \u201eGemengepakt\u201c k\u00f6nnen von einer Gemeinde oder einer Gruppe von mehreren Gemeinden eingereicht werden.\" \/>\n<meta name=\"robots\" content=\"index, follow, max-snippet:-1, max-image-preview:large, max-video-preview:-1\" \/>\n<link rel=\"canonical\" href=\"https:\/\/gemengen.zesummeliewen.lu\/de\/formular\/\" \/>\n<meta property=\"og:locale\" content=\"de_DE\" \/>\n<meta property=\"og:type\" content=\"article\" \/>\n<meta property=\"og:title\" content=\"Formulaire de demande d&#039;adh\u00e9sion - Zesummeliewen\" \/>\n<meta property=\"og:description\" content=\"Antr\u00e4ge auf Beitritt zum \u201eGemengepakt\u201c k\u00f6nnen von einer Gemeinde oder einer Gruppe von mehreren Gemeinden eingereicht werden.\" \/>\n<meta property=\"og:url\" content=\"https:\/\/gemengen.zesummeliewen.lu\/de\/formular\/\" \/>\n<meta property=\"og:site_name\" content=\"Zesummeliewen\" \/>\n<meta property=\"article:modified_time\" content=\"2024-05-28T13:00:07+00:00\" \/>\n<meta name=\"twitter:card\" content=\"summary_large_image\" \/>\n<meta name=\"twitter:label1\" content=\"Gesch\u00e4tzte Lesezeit\" \/>\n\t<meta name=\"twitter:data1\" content=\"4\u00a0Minuten\" \/>\n<script type=\"application\/ld+json\" class=\"yoast-schema-graph\">{\"@context\":\"https:\/\/schema.org\",\"@graph\":[{\"@type\":\"WebPage\",\"@id\":\"https:\/\/gemengen.zesummeliewen.lu\/de\/formular\/\",\"url\":\"https:\/\/gemengen.zesummeliewen.lu\/de\/formular\/\",\"name\":\"Formulaire de demande d'adh\u00e9sion - Zesummeliewen\",\"isPartOf\":{\"@id\":\"https:\/\/gemengen.zesummeliewen.lu\/#website\"},\"datePublished\":\"2023-11-20T14:03:00+00:00\",\"dateModified\":\"2024-05-28T13:00:07+00:00\",\"description\":\"Antr\u00e4ge auf Beitritt zum \u201eGemengepakt\u201c k\u00f6nnen von einer Gemeinde oder einer Gruppe von mehreren Gemeinden eingereicht werden.\",\"breadcrumb\":{\"@id\":\"https:\/\/gemengen.zesummeliewen.lu\/de\/formular\/#breadcrumb\"},\"inLanguage\":\"de\",\"potentialAction\":[{\"@type\":\"ReadAction\",\"target\":[\"https:\/\/gemengen.zesummeliewen.lu\/de\/formular\/\"]}]},{\"@type\":\"BreadcrumbList\",\"@id\":\"https:\/\/gemengen.zesummeliewen.lu\/de\/formular\/#breadcrumb\",\"itemListElement\":[{\"@type\":\"ListItem\",\"position\":1,\"name\":\"Startseite\",\"item\":\"https:\/\/gemengen.zesummeliewen.lu\/de\/\"},{\"@type\":\"ListItem\",\"position\":2,\"name\":\"Formulaire de demande d&#8217;adh\u00e9sion\"}]},{\"@type\":\"WebSite\",\"@id\":\"https:\/\/gemengen.zesummeliewen.lu\/#website\",\"url\":\"https:\/\/gemengen.zesummeliewen.lu\/\",\"name\":\"Zesummeliewen\",\"description\":\"Zesummeliewen an \u00e4rer Gemeng\",\"publisher\":{\"@id\":\"https:\/\/gemengen.zesummeliewen.lu\/#organization\"},\"potentialAction\":[{\"@type\":\"SearchAction\",\"target\":{\"@type\":\"EntryPoint\",\"urlTemplate\":\"https:\/\/gemengen.zesummeliewen.lu\/?s={search_term_string}\"},\"query-input\":{\"@type\":\"PropertyValueSpecification\",\"valueRequired\":true,\"valueName\":\"search_term_string\"}}],\"inLanguage\":\"de\"},{\"@type\":\"Organization\",\"@id\":\"https:\/\/gemengen.zesummeliewen.lu\/#organization\",\"name\":\"Zesummeliewen\",\"alternateName\":\"Zesummeliewen\",\"url\":\"https:\/\/gemengen.zesummeliewen.lu\/\",\"logo\":{\"@type\":\"ImageObject\",\"inLanguage\":\"de\",\"@id\":\"https:\/\/gemengen.zesummeliewen.lu\/#\/schema\/logo\/image\/\",\"url\":\"https:\/\/gemengen.zesummeliewen.lu\/wp-content\/uploads\/2023\/02\/MFI__zesumme_liewen_gemeng_logo-1.png\",\"contentUrl\":\"https:\/\/gemengen.zesummeliewen.lu\/wp-content\/uploads\/2023\/02\/MFI__zesumme_liewen_gemeng_logo-1.png\",\"width\":1718,\"height\":613,\"caption\":\"Zesummeliewen\"},\"image\":{\"@id\":\"https:\/\/gemengen.zesummeliewen.lu\/#\/schema\/logo\/image\/\"}}]}<\/script>\n<!-- \/ Yoast SEO plugin. -->","yoast_head_json":{"title":"Formulaire de demande d'adh\u00e9sion - Zesummeliewen","description":"Antr\u00e4ge auf Beitritt zum \u201eGemengepakt\u201c k\u00f6nnen von einer Gemeinde oder einer Gruppe von mehreren Gemeinden eingereicht werden.","robots":{"index":"index","follow":"follow","max-snippet":"max-snippet:-1","max-image-preview":"max-image-preview:large","max-video-preview":"max-video-preview:-1"},"canonical":"https:\/\/gemengen.zesummeliewen.lu\/de\/formular\/","og_locale":"de_DE","og_type":"article","og_title":"Formulaire de demande d'adh\u00e9sion - Zesummeliewen","og_description":"Antr\u00e4ge auf Beitritt zum \u201eGemengepakt\u201c k\u00f6nnen von einer Gemeinde oder einer Gruppe von mehreren Gemeinden eingereicht werden.","og_url":"https:\/\/gemengen.zesummeliewen.lu\/de\/formular\/","og_site_name":"Zesummeliewen","article_modified_time":"2024-05-28T13:00:07+00:00","twitter_card":"summary_large_image","twitter_misc":{"Gesch\u00e4tzte Lesezeit":"4\u00a0Minuten"},"schema":{"@context":"https:\/\/schema.org","@graph":[{"@type":"WebPage","@id":"https:\/\/gemengen.zesummeliewen.lu\/de\/formular\/","url":"https:\/\/gemengen.zesummeliewen.lu\/de\/formular\/","name":"Formulaire de demande d'adh\u00e9sion - Zesummeliewen","isPartOf":{"@id":"https:\/\/gemengen.zesummeliewen.lu\/#website"},"datePublished":"2023-11-20T14:03:00+00:00","dateModified":"2024-05-28T13:00:07+00:00","description":"Antr\u00e4ge auf Beitritt zum \u201eGemengepakt\u201c k\u00f6nnen von einer Gemeinde oder einer Gruppe von mehreren Gemeinden eingereicht werden.","breadcrumb":{"@id":"https:\/\/gemengen.zesummeliewen.lu\/de\/formular\/#breadcrumb"},"inLanguage":"de","potentialAction":[{"@type":"ReadAction","target":["https:\/\/gemengen.zesummeliewen.lu\/de\/formular\/"]}]},{"@type":"BreadcrumbList","@id":"https:\/\/gemengen.zesummeliewen.lu\/de\/formular\/#breadcrumb","itemListElement":[{"@type":"ListItem","position":1,"name":"Startseite","item":"https:\/\/gemengen.zesummeliewen.lu\/de\/"},{"@type":"ListItem","position":2,"name":"Formulaire de demande d&#8217;adh\u00e9sion"}]},{"@type":"WebSite","@id":"https:\/\/gemengen.zesummeliewen.lu\/#website","url":"https:\/\/gemengen.zesummeliewen.lu\/","name":"Zesummeliewen","description":"Zesummeliewen an \u00e4rer Gemeng","publisher":{"@id":"https:\/\/gemengen.zesummeliewen.lu\/#organization"},"potentialAction":[{"@type":"SearchAction","target":{"@type":"EntryPoint","urlTemplate":"https:\/\/gemengen.zesummeliewen.lu\/?s={search_term_string}"},"query-input":{"@type":"PropertyValueSpecification","valueRequired":true,"valueName":"search_term_string"}}],"inLanguage":"de"},{"@type":"Organization","@id":"https:\/\/gemengen.zesummeliewen.lu\/#organization","name":"Zesummeliewen","alternateName":"Zesummeliewen","url":"https:\/\/gemengen.zesummeliewen.lu\/","logo":{"@type":"ImageObject","inLanguage":"de","@id":"https:\/\/gemengen.zesummeliewen.lu\/#\/schema\/logo\/image\/","url":"https:\/\/gemengen.zesummeliewen.lu\/wp-content\/uploads\/2023\/02\/MFI__zesumme_liewen_gemeng_logo-1.png","contentUrl":"https:\/\/gemengen.zesummeliewen.lu\/wp-content\/uploads\/2023\/02\/MFI__zesumme_liewen_gemeng_logo-1.png","width":1718,"height":613,"caption":"Zesummeliewen"},"image":{"@id":"https:\/\/gemengen.zesummeliewen.lu\/#\/schema\/logo\/image\/"}}]}},"_links":{"self":[{"href":"https:\/\/gemengen.zesummeliewen.lu\/de\/wp-json\/wp\/v2\/pages\/3343","targetHints":{"allow":["GET"]}}],"collection":[{"href":"https:\/\/gemengen.zesummeliewen.lu\/de\/wp-json\/wp\/v2\/pages"}],"about":[{"href":"https:\/\/gemengen.zesummeliewen.lu\/de\/wp-json\/wp\/v2\/types\/page"}],"author":[{"embeddable":true,"href":"https:\/\/gemengen.zesummeliewen.lu\/de\/wp-json\/wp\/v2\/users\/1"}],"replies":[{"embeddable":true,"href":"https:\/\/gemengen.zesummeliewen.lu\/de\/wp-json\/wp\/v2\/comments?post=3343"}],"version-history":[{"count":77,"href":"https:\/\/gemengen.zesummeliewen.lu\/de\/wp-json\/wp\/v2\/pages\/3343\/revisions"}],"predecessor-version":[{"id":4401,"href":"https:\/\/gemengen.zesummeliewen.lu\/de\/wp-json\/wp\/v2\/pages\/3343\/revisions\/4401"}],"wp:attachment":[{"href":"https:\/\/gemengen.zesummeliewen.lu\/de\/wp-json\/wp\/v2\/media?parent=3343"}],"curies":[{"name":"wp","href":"https:\/\/api.w.org\/{rel}","templated":true}]}}