{"id":1096,"date":"2023-05-24T19:49:35","date_gmt":"2023-05-24T19:49:35","guid":{"rendered":"https:\/\/gemengen.cuco.lu\/mentions-legales\/"},"modified":"2025-11-10T09:49:25","modified_gmt":"2025-11-10T09:49:25","slug":"mentions-legales","status":"publish","type":"page","link":"https:\/\/gemengen.zesummeliewen.lu\/de\/mentions-legales\/","title":{"rendered":"Rechtliche Hinweise"},"content":{"rendered":"[vc_row type=&#8220;full_width_background&#8220; full_screen_row_position=&#8220;middle&#8220; column_margin=&#8220;default&#8220; column_direction=&#8220;default&#8220; column_direction_tablet=&#8220;default&#8220; column_direction_phone=&#8220;default&#8220; bg_color=&#8220;#f2f2f2&#8243; scene_position=&#8220;center&#8220; top_padding=&#8220;3%&#8220; bottom_padding=&#8220;10%&#8220; text_color=&#8220;dark&#8220; text_align=&#8220;left&#8220; row_border_radius=&#8220;none&#8220; row_border_radius_applies=&#8220;bg&#8220; overflow=&#8220;visible&#8220; overlay_strength=&#8220;0.3&#8243; gradient_direction=&#8220;left_to_right&#8220; shape_divider_position=&#8220;bottom&#8220; bg_image_animation=&#8220;none&#8220; gradient_type=&#8220;default&#8220; shape_type=&#8220;&#8220;][vc_column column_padding=&#8220;no-extra-padding&#8220; column_padding_tablet=&#8220;inherit&#8220; column_padding_phone=&#8220;inherit&#8220; column_padding_position=&#8220;all&#8220; column_element_direction_desktop=&#8220;default&#8220; column_element_spacing=&#8220;default&#8220; desktop_text_alignment=&#8220;default&#8220; tablet_text_alignment=&#8220;default&#8220; phone_text_alignment=&#8220;default&#8220; background_color_opacity=&#8220;1&#8243; background_hover_color_opacity=&#8220;1&#8243; column_backdrop_filter=&#8220;none&#8220; column_shadow=&#8220;none&#8220; column_border_radius=&#8220;none&#8220; column_link_target=&#8220;_self&#8220; column_position=&#8220;default&#8220; gradient_direction=&#8220;left_to_right&#8220; overlay_strength=&#8220;0.3&#8243; width=&#8220;1\/1&#8243; tablet_width_inherit=&#8220;default&#8220; animation_type=&#8220;default&#8220; bg_image_animation=&#8220;none&#8220; border_type=&#8220;simple&#8220; column_border_width=&#8220;none&#8220; column_border_style=&#8220;solid&#8220;][vc_column_text css=&#8220;&#8220; text_direction=&#8220;default&#8220;]\n<h2><strong>Rechtliche Aspekte<\/strong><\/h2>\n<p>&nbsp;<\/p>\n<p><strong>Allgemeine Nutzungsbedingungen der Website<\/strong><\/p>\n<p>Jede Person, die die auf dieser Website angebotenen Informationen, Dokumente, Produkte, Software und verschiedene Dienstleistungen (zusammen die \u201cDienstleistungen\u201d) nutzt, geht davon aus, dass sie die Bedingungen und Hinweise dieser Allgemeinen Nutzungsbedingungen in vollem Umfang zur Kenntnis genommen und akzeptiert hat.<\/p>\n<p>\u201cOrganismus\u201d bedeutet die Beh\u00f6rde, das Ministerium, die Verwaltung oder eine andere \u00f6ffentliche Einrichtung, die allein oder gemeinsam mit anderen f\u00fcr diese Website verantwortlich ist.<\/p>\n<p><strong>Pflichten des Nutzers<\/strong><\/p>\n<p>Der Zugang zur Website erfolgt \u00fcber das Internet. Der Nutzer erkl\u00e4rt, dass er die Risiken kennt und akzeptiert. Er muss sich gegen die Auswirkungen von Computerpiraterie sch\u00fctzen, indem er eine geeignete und sichere Computerkonfiguration verwendet.<\/p>\n<p>Das Ministerium f\u00fcr Familie, Integration und die Gro\u00dfregion kann nicht f\u00fcr Sch\u00e4den haftbar gemacht werden, die der Nutzer direkt oder indirekt in Verbindung mit der Navigation auf dieser Website und der Nutzung ihrer Dienste sowie der Websites, auf die sie verweist, erleidet.<\/p>\n<p>Die Nutzung der Website ist kostenlos.<\/p>\n<p><strong>Verwaltung von Cookies<\/strong><\/p>\n<p>Diese Website verwendet Kunden-Cookies, kleine Textdateien, die es erm\u00f6glichen, Informationen \u00fcber die Navigation des Nutzers zu analysieren (H\u00e4ufigkeit der Besuche, Dauer der Besuche, aufgerufene Seiten usw.). Sie werden von der Website in einem zu diesem Zweck vorgesehenen Verzeichnis auf dem Computer des Nutzers abgelegt. Sie enthalten insbesondere den Namen des Servers, der sie geschrieben hat, eine Kennung in Form einer eindeutigen Nummer und ein Ablaufdatum. Die eindeutige Kennung erm\u00f6glicht es der Website, den Computer des Nutzers bei jedem Besuch wiederzuerkennen. Sitzungscookies werden vom Computer des Nutzers gel\u00f6scht, wenn die Sitzung geschlossen wird. Persistente Cookies bleiben jedoch 1 Monat nach Beendigung der Sitzung auf dem Computer des Nutzers. Der Nutzer kann selbst entscheiden, ob der Webserver dieser Website Cookies auf seinem Computer speichern darf oder nicht. Der Nutzer hat jederzeit die M\u00f6glichkeit, die Optionen seines Browsers so einzustellen, dass Cookies nicht akzeptiert und gespeichert werden. Au\u00dferdem kann er jederzeit \u00fcber den Browser bereits gespeicherte Cookies l\u00f6schen. Die Nutzung bestimmter Funktionen der Website kann eingeschr\u00e4nkt oder deaktiviert werden, wenn der Nutzer die Cookies der Website ablehnt. Es wird daher empfohlen, dass der Nutzer seinen Browser so einstellt, dass Cookies von der Website akzeptiert werden.<\/p>\n<p><strong>\u00c4nderung der Website<\/strong><\/p>\n<p>Das Ministerium f\u00fcr Familie, Integration und die Gro\u00dfregion beh\u00e4lt sich das Recht vor, diese Website aus Gr\u00fcnden der Wartung, Aktualisierung oder aus anderen Gr\u00fcnden, die als notwendig erachtet werden, ohne Vorank\u00fcndigung weiterzuentwickeln, zu \u00e4ndern oder einzustellen. Das Ministerium f\u00fcr Familie, Integration und die Gro\u00dfregion kann insbesondere jederzeit alle oder einen Teil der auf der Website enthaltenen oder angebotenen Informationen und Dienstleistungen entfernen, hinzuf\u00fcgen, erg\u00e4nzen oder pr\u00e4zisieren. Das Ministerium f\u00fcr Familie, Integration und Gro\u00dfregion kann nicht f\u00fcr direkte oder indirekte Sch\u00e4den in Verbindung mit solchen \u00c4nderungen haftbar gemacht werden.<\/p>\n<p><strong>Allgemeine Haftungsbeschr\u00e4nkungen<\/strong><\/p>\n<p>Das Ministerium f\u00fcr Familie, Integration und die Gro\u00dfregion wird sich bem\u00fchen, eine maximale Verf\u00fcgbarkeit dieser Website zu gew\u00e4hrleisten. Das Ministerium haftet jedoch nicht f\u00fcr die zeitweilige oder vollst\u00e4ndige Nichtverf\u00fcgbarkeit der Website. Das Ministerium f\u00fcr Familie, Integration und die Gro\u00dfregion wird die Sicherheit des Computersystems bestm\u00f6glich gew\u00e4hrleisten. Das Ministerium haftet jedoch nicht f\u00fcr Angriffe auf das Computersystem oder f\u00fcr die zeitweilige oder vollst\u00e4ndige Nichtverf\u00fcgbarkeit der Website. Das Ministerium f\u00fcr Familie, Integration und die Gro\u00dfregion wird die Richtigkeit der auf der Website enthaltenen und in den sozialen Netzwerken ver\u00f6ffentlichten Informationen nach bestem Wissen und Gewissen sicherstellen. Das Ministerium kann jedoch nicht haftbar gemacht werden, insbesondere nicht f\u00fcr die Unterlassung der Aktualisierung einer Information oder eines Formulars, f\u00fcr Fehler bei der Handhabung des Systems oder der Kodierung, f\u00fcr Ungenauigkeiten, L\u00fccken in den bereitgestellten Informationen oder f\u00fcr eventuelle Fehler oder Ungenauigkeiten. Das Ziel ist es, genaue und aktuelle Informationen aus verschiedenen Quellen zu verbreiten, aber das Ministerium f\u00fcr Familie, Integration und die Gro\u00dfregion kann das Risiko eines materiellen Fehlers nicht ausschlie\u00dfen. Keine der auf dieser Website ver\u00f6ffentlichten Informationen hat den Anspruch auf Vollst\u00e4ndigkeit oder stellt eine Verpflichtung seitens des Ministeriums f\u00fcr Familie, Integration und die Gro\u00dfregion dar. Die Popularisierungen und \u00dcbersetzungen werden zu Informationszwecken angeboten. Nur die im M\u00e9morial (Amtsblatt des Gro\u00dfherzogtums Luxemburg) ver\u00f6ffentlichten Gesetzestexte sind verbindlich. Die Informationen auf dieser Website sind allgemeiner Art. Die Informationen sind nicht auf pers\u00f6nliche oder spezifische Umst\u00e4nde zugeschnitten und k\u00f6nnen daher nicht als pers\u00f6nliche, berufliche oder rechtliche Beratung des Nutzers angesehen werden. Wenn der Nutzer eine pers\u00f6nliche oder spezifische Beratung ben\u00f6tigt, sollte er immer die zust\u00e4ndigen Stellen in den verschiedenen Beh\u00f6rden konsultieren.<\/p>\n<p><strong>Haftungsbeschr\u00e4nkung der Website<\/strong><\/p>\n<p>Die Haftung dieser Website ist ausdr\u00fccklich f\u00fcr alle direkten und indirekten Folgen ausgeschlossen:<\/p>\n<p>Die fehlende Kompatibilit\u00e4t zwischen dem angebotenen Dienst und den Ger\u00e4ten, Anwendungen, Verfahren oder Infrastrukturen des Nutzers oder Dritter; Sicherheitsl\u00fccken, die vom Nutzer oder einem Dritten verursacht werden, und im Allgemeinen alle Sicherheitsl\u00fccken, die nicht direkt dieser Website zuzuschreiben sind; Folgen von Fehlern und\/oder Betrug, die vom Nutzer oder einem Dritten begangen wurden; Eine eventuelle Nichtverf\u00fcgbarkeit oder Fehlfunktion der elektronischen Kommunikationssysteme oder -netze.<\/p>\n<p><strong>Links zu verlinkten Websites<\/strong><\/p>\n<p>Als Service f\u00fcr die Nutzer kann diese Website Links zu anderen Websites enthalten, die f\u00fcr sie n\u00fctzlich oder interessant sein k\u00f6nnen. Das Ministerium f\u00fcr Familie, Integration und die Gro\u00dfregion und insbesondere der Organismus kontrollieren den Inhalt dieser Websites nicht systematisch. Sie k\u00f6nnen daher nicht f\u00fcr die Inhalte dieser Websites verantwortlich gemacht werden, weder f\u00fcr deren Rechtm\u00e4\u00dfigkeit noch f\u00fcr die Richtigkeit der dort enthaltenen Informationen.<\/p>\n<p><strong>Geistiges Eigentum<\/strong><\/p>\n<p>Die Website, alle ihre Elemente (einschlie\u00dflich des Layouts) sowie die Informationen und Dienste sind durch das Gesetz \u00fcber geistiges Eigentum und das Urheberrecht gesch\u00fctzt. Sofern nicht anders angegeben, gew\u00e4hrt das Ministerium f\u00fcr Familie, Integration und die Gro\u00dfregion keine Lizenz oder Genehmigung in Bezug auf die geistigen Eigentumsrechte, die es an dieser Website, ihren Elementen oder den Diensten hat. Dar\u00fcber hinaus ist die Vervielf\u00e4ltigung der Informationen oder Dienste, ganz oder teilweise, in jeglicher Form und mit jeglichen Mitteln ohne die vorherige schriftliche Genehmigung des Organismus nicht gestattet. Sofern nicht anders angegeben, ist der Nutzer berechtigt, die verf\u00fcgbaren Dokumente und Informationen unter den folgenden Bedingungen einzusehen, herunterzuladen und auszudrucken:<\/p>\n<p>Die Dokumente d\u00fcrfen nur f\u00fcr pers\u00f6nliche Zwecke, zu Informationszwecken und in einem rein privaten Rahmen genutzt werden; Die Dokumente und Informationen d\u00fcrfen nicht in irgendeiner Weise ver\u00e4ndert werden; Die Dokumente und Informationen d\u00fcrfen nicht au\u00dferhalb der Website verbreitet werden.<\/p>\n<p>Die Rechte, die Ihnen oben implizit oder explizit gew\u00e4hrt werden, stellen eine Nutzungserlaubnis dar und bedeuten in keinem Fall eine Abtretung von Rechten, Eigentumsrechten oder anderen Rechten in Bezug auf diese Website.<\/p>\n<p><strong>\u00c4nderung der Allgemeinen Nutzungsbedingungen<\/strong><\/p>\n<p>Die vorliegenden Allgemeinen Nutzungsbedingungen k\u00f6nnen jederzeit ohne Vorank\u00fcndigung ge\u00e4ndert oder erg\u00e4nzt werden, um \u00c4nderungen an der Website, der Entwicklung der Gesetzgebung oder aus anderen Gr\u00fcnden, die als notwendig erachtet werden, Rechnung zu tragen. Es obliegt dem Nutzer, sich \u00fcber die allgemeinen Nutzungsbedingungen der Website zu informieren, wobei nur die aktualisierte Version, die online zug\u00e4nglich ist, als g\u00fcltig gilt. Es ist m\u00f6glich, dass zwischen zwei Nutzungen der Website die besonderen allgemeinen Nutzungsbedingungen ge\u00e4ndert werden, und es obliegt daher dem Nutzer, diese vor jeder neuen Nutzung zu lesen.<\/p>\n<p><strong>Anwendbares Recht und zust\u00e4ndige Gerichte<\/strong><\/p>\n<p>Alle Streitigkeiten im Zusammenhang mit der Nutzung dieser Website und ihrer Dienste unterliegen dem luxemburgischen Recht und der ausschlie\u00dflichen Zust\u00e4ndigkeit der Gerichte des Gro\u00dfherzogtums Luxemburg.<\/p>\n<p><strong>Schutz der pers\u00f6nlichen Daten<\/strong><\/p>\n<p>Die vom Nutzer \u00fcbermittelten personenbezogenen Daten werden in \u00dcbereinstimmung mit der Verordnung (EU) 2016\/679 des Europ\u00e4ischen Parlaments und des Rates vom 27. April 2016 zum Schutz nat\u00fcrlicher Personen bei der Verarbeitung personenbezogener Daten und zum freien Datenverkehr verarbeitet. Das Ministerium f\u00fcr Familie, Integration und die Gro\u00dfregion sammelt keine pers\u00f6nlichen Daten au\u00dfer IP-Adressen in den Logs der Webserver aus Sicherheitsgr\u00fcnden, und die Zustimmung des Nutzers ist nicht erforderlich, bevor er diese Website besucht. Der Verantwortliche f\u00fcr diese Datenverarbeitung ist der f\u00fcr diese Website verantwortliche Organismus. Der Nutzer kann Beschwerden \u00fcber den Schutz der ihn betreffenden Daten \u00fcber die jeweils zur Verf\u00fcgung gestellten Kommunikationskan\u00e4le sowie an den Verantwortlichen, in diesem Fall den f\u00fcr diese Website verantwortlichen Organismus, richten. Dar\u00fcber hinaus kann der Nutzer seine Beschwerde beim Datenschutzbeauftragten der Organisation \u00fcber die folgende E-Mail-Adresse einreichen: &#x64;&#112;o&#x40;&#x74;&#114;&#46;&#x65;&#116;a&#x74;&#x2e;&#108;u. Der Nutzer kann sich bei Streitigkeiten in diesem Bereich au\u00dferdem an die Nationale Kommission f\u00fcr Datenschutz mit Sitz in 1 Avenue du Rock\u2019n\u2019Roll, L-4361 Esch-sur-Alzette wenden.<\/p>\n<p><strong>Verarbeitungen zur Erhebung der Besucherzahlen<\/strong><\/p>\n<p>Bei seinem Besuch der \u00f6ffentlichen Internetseite werden bestimmte Daten im Zusammenhang mit der Hardware und Software des Nutzers erhoben, die nicht zu seiner Identifizierung dienen k\u00f6nnen. Diese Erfassung dient dem alleinigen Zweck, Statistiken zum Aufruf der Seite (Art des Browsers, Aufl\u00f6sung, ungef\u00e4hre Lokalisierung usw.) zu erfassen, um den Nutzern den bestm\u00f6glichen Service bereitzustellen.<\/p>\n<p>Die vollst\u00e4ndige IP-Adresse des Nutzers wird in keinem Fall aufbewahrt. Aufbewahrt wird lediglich ein Teil der IP-Adresse f\u00fcr die Erhebung allgemeiner Statistiken, und es ist in keinem Fall m\u00f6glich, den Nutzer zu identifizieren.<\/p>\n<p>Diese Daten werden innerhalb Europas in einer von einem Zulieferer, namentlich der Gesellschaft Adobe Systems Inc., bereitgestellten L\u00f6sung gespeichert, der als Zulieferer denselben gesetzlichen Bestimmungen zum Schutz personenbezogener Daten unterliegt. Dies gilt auch f\u00fcr den Fall solcher Daten, die zuk\u00fcnftig erhoben werden.<\/p>\n<p>Die Aufbewahrungsdauer der Daten \u00fcbersteigt nicht den notwendigen Zeitraum f\u00fcr die Beobachtung der Entwicklung der Besucherzahlen im Hinblick auf verwendete Browser, Aufl\u00f6sung oder andere verf\u00fcgbare statistische Daten.<\/p>\n<p>Verantwortlich f\u00fcr diese Verarbeitungen ist die f\u00fcr diese Internetseite verantwortliche Beh\u00f6rde oder sonstige Stelle.<\/p>\n<p><strong>Pr\u00e4senz in sozialen Netzwerken<\/strong><\/p>\n<p>Jeder Nutzer, der sich der Gemeinschaft dieser Website in sozialen Netzwerken anschlie\u00dft, verpflichtet sich, jede Form der Diskriminierung aufgrund von Rasse, Hautfarbe, Religion, Geschlecht, sexueller Orientierung, Alter, nationaler Herkunft, Behinderung, Familienstand oder beruflichem Status zu unterlassen. Beleidigende, rassistische, sexistische oder beleidigende \u00c4u\u00dferungen haben keinen Platz in sozialen Netzwerken. Sie werden gel\u00f6scht und gemeldet.<\/p>\n<p>Kommentare in den sozialen Netzwerken Facebook und Twitter werden von Montag bis Freitag zu B\u00fcrozeiten beantwortet. Au\u00dferhalb dieser Uhrzeiten, an den Wochenenden und Feiertagen unterliegen die Seiten keiner st\u00e4ndigen Verwaltung.[\/vc_column_text][\/vc_column][\/vc_row]\n","protected":false},"excerpt":{"rendered":"<p>[vc_row type=&#8220;full_width_background&#8220; full_screen_row_position=&#8220;middle&#8220; column_margin=&#8220;default&#8220; column_direction=&#8220;default&#8220; column_direction_tablet=&#8220;default&#8220; column_direction_phone=&#8220;default&#8220; bg_color=&#8220;#f2f2f2&#8243; scene_position=&#8220;center&#8220; top_padding=&#8220;3%&#8220; bottom_padding=&#8220;10%&#8220; text_color=&#8220;dark&#8220; text_align=&#8220;left&#8220; row_border_radius=&#8220;none&#8220; row_border_radius_applies=&#8220;bg&#8220; overflow=&#8220;visible&#8220; overlay_strength=&#8220;0.3&#8243; gradient_direction=&#8220;left_to_right&#8220; shape_divider_position=&#8220;bottom&#8220; bg_image_animation=&#8220;none&#8220; gradient_type=&#8220;default&#8220; shape_type=&#8220;&#8220;][vc_column column_padding=&#8220;no-extra-padding&#8220; column_padding_tablet=&#8220;inherit&#8220; column_padding_phone=&#8220;inherit&#8220; column_padding_position=&#8220;all&#8220; column_element_direction_desktop=&#8220;default&#8220; column_element_spacing=&#8220;default&#8220; desktop_text_alignment=&#8220;default&#8220; tablet_text_alignment=&#8220;default&#8220;&#8230;<\/p>\n","protected":false},"author":1,"featured_media":0,"parent":0,"menu_order":0,"comment_status":"closed","ping_status":"closed","template":"","meta":{"_acf_changed":false,"inline_featured_image":false,"footnotes":""},"class_list":["post-1096","page","type-page","status-publish"],"acf":[],"yoast_head":"<!-- This site is optimized with the Yoast SEO plugin v26.8 - https:\/\/yoast.com\/product\/yoast-seo-wordpress\/ -->\n<title>Rechtliche Hinweise - Zesummeliewen<\/title>\n<meta name=\"description\" content=\"Allgemeine Nutzungsbedingungen der Website, Pflichten des Nutzers, Schutz personenbezogener Daten usw.\" \/>\n<meta name=\"robots\" content=\"index, follow, max-snippet:-1, max-image-preview:large, max-video-preview:-1\" \/>\n<link rel=\"canonical\" href=\"https:\/\/gemengen.zesummeliewen.lu\/mentions-legales\/\" \/>\n<meta property=\"og:locale\" content=\"de_DE\" \/>\n<meta property=\"og:type\" content=\"article\" \/>\n<meta property=\"og:title\" content=\"Rechtliche Hinweise - Zesummeliewen\" \/>\n<meta property=\"og:description\" content=\"Allgemeine Nutzungsbedingungen der Website, Pflichten des Nutzers, Schutz personenbezogener Daten usw.\" \/>\n<meta property=\"og:url\" content=\"https:\/\/gemengen.zesummeliewen.lu\/mentions-legales\/\" \/>\n<meta property=\"og:site_name\" content=\"Zesummeliewen\" \/>\n<meta property=\"article:modified_time\" content=\"2025-11-10T09:49:25+00:00\" \/>\n<meta name=\"twitter:card\" content=\"summary_large_image\" \/>\n<meta name=\"twitter:label1\" content=\"Gesch\u00e4tzte Lesezeit\" \/>\n\t<meta name=\"twitter:data1\" content=\"10\u00a0Minuten\" \/>\n<script type=\"application\/ld+json\" class=\"yoast-schema-graph\">{\"@context\":\"https:\/\/schema.org\",\"@graph\":[{\"@type\":\"WebPage\",\"@id\":\"https:\/\/gemengen.zesummeliewen.lu\/mentions-legales\/\",\"url\":\"https:\/\/gemengen.zesummeliewen.lu\/mentions-legales\/\",\"name\":\"Rechtliche Hinweise - Zesummeliewen\",\"isPartOf\":{\"@id\":\"https:\/\/gemengen.zesummeliewen.lu\/#website\"},\"datePublished\":\"2023-05-24T19:49:35+00:00\",\"dateModified\":\"2025-11-10T09:49:25+00:00\",\"description\":\"Allgemeine Nutzungsbedingungen der Website, Pflichten des Nutzers, Schutz personenbezogener Daten usw.\",\"breadcrumb\":{\"@id\":\"https:\/\/gemengen.zesummeliewen.lu\/mentions-legales\/#breadcrumb\"},\"inLanguage\":\"de\",\"potentialAction\":[{\"@type\":\"ReadAction\",\"target\":[\"https:\/\/gemengen.zesummeliewen.lu\/mentions-legales\/\"]}]},{\"@type\":\"BreadcrumbList\",\"@id\":\"https:\/\/gemengen.zesummeliewen.lu\/mentions-legales\/#breadcrumb\",\"itemListElement\":[{\"@type\":\"ListItem\",\"position\":1,\"name\":\"Startseite\",\"item\":\"https:\/\/gemengen.zesummeliewen.lu\/de\/\"},{\"@type\":\"ListItem\",\"position\":2,\"name\":\"Rechtliche Hinweise\"}]},{\"@type\":\"WebSite\",\"@id\":\"https:\/\/gemengen.zesummeliewen.lu\/#website\",\"url\":\"https:\/\/gemengen.zesummeliewen.lu\/\",\"name\":\"Zesummeliewen\",\"description\":\"Zesummeliewen an \u00e4rer Gemeng\",\"publisher\":{\"@id\":\"https:\/\/gemengen.zesummeliewen.lu\/#organization\"},\"potentialAction\":[{\"@type\":\"SearchAction\",\"target\":{\"@type\":\"EntryPoint\",\"urlTemplate\":\"https:\/\/gemengen.zesummeliewen.lu\/?s={search_term_string}\"},\"query-input\":{\"@type\":\"PropertyValueSpecification\",\"valueRequired\":true,\"valueName\":\"search_term_string\"}}],\"inLanguage\":\"de\"},{\"@type\":\"Organization\",\"@id\":\"https:\/\/gemengen.zesummeliewen.lu\/#organization\",\"name\":\"Zesummeliewen\",\"alternateName\":\"Zesummeliewen\",\"url\":\"https:\/\/gemengen.zesummeliewen.lu\/\",\"logo\":{\"@type\":\"ImageObject\",\"inLanguage\":\"de\",\"@id\":\"https:\/\/gemengen.zesummeliewen.lu\/#\/schema\/logo\/image\/\",\"url\":\"https:\/\/gemengen.zesummeliewen.lu\/wp-content\/uploads\/2023\/02\/MFI__zesumme_liewen_gemeng_logo-1.png\",\"contentUrl\":\"https:\/\/gemengen.zesummeliewen.lu\/wp-content\/uploads\/2023\/02\/MFI__zesumme_liewen_gemeng_logo-1.png\",\"width\":1718,\"height\":613,\"caption\":\"Zesummeliewen\"},\"image\":{\"@id\":\"https:\/\/gemengen.zesummeliewen.lu\/#\/schema\/logo\/image\/\"}}]}<\/script>\n<!-- \/ Yoast SEO plugin. -->","yoast_head_json":{"title":"Rechtliche Hinweise - Zesummeliewen","description":"Allgemeine Nutzungsbedingungen der Website, Pflichten des Nutzers, Schutz personenbezogener Daten usw.","robots":{"index":"index","follow":"follow","max-snippet":"max-snippet:-1","max-image-preview":"max-image-preview:large","max-video-preview":"max-video-preview:-1"},"canonical":"https:\/\/gemengen.zesummeliewen.lu\/mentions-legales\/","og_locale":"de_DE","og_type":"article","og_title":"Rechtliche Hinweise - Zesummeliewen","og_description":"Allgemeine Nutzungsbedingungen der Website, Pflichten des Nutzers, Schutz personenbezogener Daten usw.","og_url":"https:\/\/gemengen.zesummeliewen.lu\/mentions-legales\/","og_site_name":"Zesummeliewen","article_modified_time":"2025-11-10T09:49:25+00:00","twitter_card":"summary_large_image","twitter_misc":{"Gesch\u00e4tzte Lesezeit":"10\u00a0Minuten"},"schema":{"@context":"https:\/\/schema.org","@graph":[{"@type":"WebPage","@id":"https:\/\/gemengen.zesummeliewen.lu\/mentions-legales\/","url":"https:\/\/gemengen.zesummeliewen.lu\/mentions-legales\/","name":"Rechtliche Hinweise - Zesummeliewen","isPartOf":{"@id":"https:\/\/gemengen.zesummeliewen.lu\/#website"},"datePublished":"2023-05-24T19:49:35+00:00","dateModified":"2025-11-10T09:49:25+00:00","description":"Allgemeine Nutzungsbedingungen der Website, Pflichten des Nutzers, Schutz personenbezogener Daten usw.","breadcrumb":{"@id":"https:\/\/gemengen.zesummeliewen.lu\/mentions-legales\/#breadcrumb"},"inLanguage":"de","potentialAction":[{"@type":"ReadAction","target":["https:\/\/gemengen.zesummeliewen.lu\/mentions-legales\/"]}]},{"@type":"BreadcrumbList","@id":"https:\/\/gemengen.zesummeliewen.lu\/mentions-legales\/#breadcrumb","itemListElement":[{"@type":"ListItem","position":1,"name":"Startseite","item":"https:\/\/gemengen.zesummeliewen.lu\/de\/"},{"@type":"ListItem","position":2,"name":"Rechtliche Hinweise"}]},{"@type":"WebSite","@id":"https:\/\/gemengen.zesummeliewen.lu\/#website","url":"https:\/\/gemengen.zesummeliewen.lu\/","name":"Zesummeliewen","description":"Zesummeliewen an \u00e4rer Gemeng","publisher":{"@id":"https:\/\/gemengen.zesummeliewen.lu\/#organization"},"potentialAction":[{"@type":"SearchAction","target":{"@type":"EntryPoint","urlTemplate":"https:\/\/gemengen.zesummeliewen.lu\/?s={search_term_string}"},"query-input":{"@type":"PropertyValueSpecification","valueRequired":true,"valueName":"search_term_string"}}],"inLanguage":"de"},{"@type":"Organization","@id":"https:\/\/gemengen.zesummeliewen.lu\/#organization","name":"Zesummeliewen","alternateName":"Zesummeliewen","url":"https:\/\/gemengen.zesummeliewen.lu\/","logo":{"@type":"ImageObject","inLanguage":"de","@id":"https:\/\/gemengen.zesummeliewen.lu\/#\/schema\/logo\/image\/","url":"https:\/\/gemengen.zesummeliewen.lu\/wp-content\/uploads\/2023\/02\/MFI__zesumme_liewen_gemeng_logo-1.png","contentUrl":"https:\/\/gemengen.zesummeliewen.lu\/wp-content\/uploads\/2023\/02\/MFI__zesumme_liewen_gemeng_logo-1.png","width":1718,"height":613,"caption":"Zesummeliewen"},"image":{"@id":"https:\/\/gemengen.zesummeliewen.lu\/#\/schema\/logo\/image\/"}}]}},"_links":{"self":[{"href":"https:\/\/gemengen.zesummeliewen.lu\/de\/wp-json\/wp\/v2\/pages\/1096","targetHints":{"allow":["GET"]}}],"collection":[{"href":"https:\/\/gemengen.zesummeliewen.lu\/de\/wp-json\/wp\/v2\/pages"}],"about":[{"href":"https:\/\/gemengen.zesummeliewen.lu\/de\/wp-json\/wp\/v2\/types\/page"}],"author":[{"embeddable":true,"href":"https:\/\/gemengen.zesummeliewen.lu\/de\/wp-json\/wp\/v2\/users\/1"}],"replies":[{"embeddable":true,"href":"https:\/\/gemengen.zesummeliewen.lu\/de\/wp-json\/wp\/v2\/comments?post=1096"}],"version-history":[{"count":59,"href":"https:\/\/gemengen.zesummeliewen.lu\/de\/wp-json\/wp\/v2\/pages\/1096\/revisions"}],"predecessor-version":[{"id":4556,"href":"https:\/\/gemengen.zesummeliewen.lu\/de\/wp-json\/wp\/v2\/pages\/1096\/revisions\/4556"}],"wp:attachment":[{"href":"https:\/\/gemengen.zesummeliewen.lu\/de\/wp-json\/wp\/v2\/media?parent=1096"}],"curies":[{"name":"wp","href":"https:\/\/api.w.org\/{rel}","templated":true}]}}